{"id":481,"date":"2021-11-06T18:58:22","date_gmt":"2021-11-06T18:58:22","guid":{"rendered":"https:\/\/creative-europe.cuco.dev\/legal-notice\/"},"modified":"2022-01-27T19:57:48","modified_gmt":"2022-01-27T19:57:48","slug":"notice-legale","status":"publish","type":"page","link":"https:\/\/creative-europe.lu\/fr\/notice-legale\/","title":{"rendered":"Notice L\u00e9gale"},"content":{"rendered":"<div class=\"wpb-content-wrapper\"><p>[vc_row][vc_column][vc_column_text]Le site <a href=\"https:\/\/creative-europe.lu\/fr\/\">www.creative-europe.lu<\/a> est un projet du Film Fund Luxembourg et de l\u2019Agence luxembourgeoise d\u2019action culturelle asbl. Il est mis en \u0153uvre et exploit\u00e9 par le Film Fund Luxembourg et de l\u2019Agence luxembourgeoise d\u2019action culturelle asbl.<\/p>\n<p>L\u2019\u00e9diteur et le responsable du site est :<\/p>\n<p><strong>Agence luxembourgeoise d\u2019action culturelle<\/strong><br \/>\nCerlce Cit\u00e9 | Place d\u2019Armes<br \/>\nB.P. 267<br \/>\nL-2012 Luxembourg<br \/>\nTel.: +352 46 49 46 \u2013 24<br \/>\nEmail: <a href=\"&#109;&#x61;&#x69;&#108;&#x74;&#x6f;:&#x44;&#x61;t&#97;&#x50;r&#111;&#x74;e&#99;&#x74;i&#111;&#x6e;&#64;&#97;&#x67;&#x65;&#110;&#x63;&#x65;&#99;&#x75;&#x6c;t&#x75;&#x72;e&#108;&#x6c;e&#46;&#x6c;u\">&#x44;a&#x74;&#97;&#x50;&#114;&#x6f;&#x74;e&#x63;&#116;&#x69;&#111;&#x6e;&#64;a&#x67;&#101;&#x6e;&#99;&#x65;&#99;u&#x6c;&#116;&#x75;&#114;&#x65;&#108;l&#x65;&#46;&#x6c;&#117;<\/a><\/p>\n<p>et<\/p>\n<p><strong>Film Fund Luxembourg<\/strong><br \/>\nFonds national de soutien \u00e0 la production audiovisuelle<br \/>\n5, rue Large<br \/>\nL-1917 Luxembourg<br \/>\n+352 247 82197<br \/>\nEmail:<a href=\"mai&#108;&#116;&#111;&#x3a;&#x69;&#x6e;&#x66;&#x6f;&#x40;cre&#97;&#116;&#105;&#118;&#x65;&#x2d;&#x65;&#x75;&#x72;&#x6f;pe&#46;&#101;&#116;&#97;&#x74;&#x2e;&#x6c;&#x75;\">i&#110;&#x66;&#x6f;&#x40;c&#114;&#101;&#x61;&#x74;i&#118;&#101;&#x2d;&#x65;ur&#111;&#x70;&#x65;&#x2e;e&#116;&#x61;&#x74;&#x2e;l&#117;<\/a><\/p>\n<p>Au m\u00e9pris de contr\u00f4les de contenu, nous d\u00e9clinons toute responsabilit\u00e9 pour des objets des liens externes. Seulement les entit\u00e9s exploitantes sont responsables pour le contenu des sites des liens externes.<\/p>\n<h3>Copyright<\/h3>\n<p>En l\u2019absence d\u2019indication contraire, la reproduction des informations contenues sur ce site est autoris\u00e9e \u00e0 des fins non commerciales \u00e0 condition que la source soit express\u00e9ment mentionn\u00e9e.[\/vc_column_text][\/vc_column][\/vc_row]<\/p>\n<\/div>","protected":false},"excerpt":{"rendered":"<p>[vc_row][vc_column][vc_column_text]Le site www.creative-europe.lu est un projet du Film Fund Luxembourg et de l\u2019Agence luxembourgeoise d\u2019action culturelle asbl. Il est mis en \u0153uvre et exploit\u00e9 par le Film Fund Luxembourg et de l\u2019Agence luxembourgeoise d\u2019action culturelle asbl. L\u2019\u00e9diteur et le responsable du site est : Agence luxembourgeoise d\u2019action culturelle Cerlce Cit\u00e9 | Place d\u2019Armes B.P. 267 [&hellip;]<\/p>\n","protected":false},"author":1,"featured_media":0,"parent":0,"menu_order":0,"comment_status":"closed","ping_status":"closed","template":"pageWithTitle.php","meta":{"_acf_changed":false,"inline_featured_image":false,"footnotes":""},"class_list":["post-481","page","type-page","status-publish","hentry"],"acf":[],"yoast_head":"<!-- This site is optimized with the Yoast SEO plugin v27.2 - https:\/\/yoast.com\/product\/yoast-seo-wordpress\/ -->\n<title>Notice L\u00e9gale - Creative Europe<\/title>\n<meta name=\"robots\" content=\"index, follow, max-snippet:-1, max-image-preview:large, max-video-preview:-1\" \/>\n<link rel=\"canonical\" href=\"https:\/\/creative-europe.lu\/fr\/notice-legale\/\" \/>\n<meta property=\"og:locale\" content=\"fr_FR\" \/>\n<meta property=\"og:type\" content=\"article\" \/>\n<meta property=\"og:title\" content=\"Notice L\u00e9gale - Creative Europe\" \/>\n<meta property=\"og:description\" content=\"[vc_row][vc_column][vc_column_text]Le site www.creative-europe.lu est un projet du Film Fund Luxembourg et de l\u2019Agence luxembourgeoise d\u2019action culturelle asbl. Il est mis en \u0153uvre et exploit\u00e9 par le Film Fund Luxembourg et de l\u2019Agence luxembourgeoise d\u2019action culturelle asbl. L\u2019\u00e9diteur et le responsable du site est : Agence luxembourgeoise d\u2019action culturelle Cerlce Cit\u00e9 | Place d\u2019Armes B.P. 267 [&hellip;]\" \/>\n<meta property=\"og:url\" content=\"https:\/\/creative-europe.lu\/fr\/notice-legale\/\" \/>\n<meta property=\"og:site_name\" content=\"Creative Europe\" \/>\n<meta property=\"article:modified_time\" content=\"2022-01-27T19:57:48+00:00\" \/>\n<meta property=\"og:image\" content=\"https:\/\/creative-europe.lu\/wp-content\/uploads\/2021\/12\/ce_desklux_blue_logo.png\" \/>\n\t<meta property=\"og:image:width\" content=\"2476\" \/>\n\t<meta property=\"og:image:height\" content=\"527\" \/>\n\t<meta property=\"og:image:type\" content=\"image\/png\" \/>\n<meta name=\"twitter:card\" content=\"summary_large_image\" \/>\n<meta name=\"twitter:label1\" content=\"Dur\u00e9e de lecture estim\u00e9e\" \/>\n\t<meta name=\"twitter:data1\" content=\"1 minute\" \/>\n<script type=\"application\/ld+json\" class=\"yoast-schema-graph\">{\"@context\":\"https:\/\/schema.org\",\"@graph\":[{\"@type\":\"WebPage\",\"@id\":\"https:\/\/creative-europe.lu\/fr\/notice-legale\/\",\"url\":\"https:\/\/creative-europe.lu\/fr\/notice-legale\/\",\"name\":\"Notice L\u00e9gale - Creative Europe\",\"isPartOf\":{\"@id\":\"https:\/\/creative-europe.lu\/fr\/#website\"},\"datePublished\":\"2021-11-06T18:58:22+00:00\",\"dateModified\":\"2022-01-27T19:57:48+00:00\",\"breadcrumb\":{\"@id\":\"https:\/\/creative-europe.lu\/fr\/notice-legale\/#breadcrumb\"},\"inLanguage\":\"fr-FR\",\"potentialAction\":[{\"@type\":\"ReadAction\",\"target\":[\"https:\/\/creative-europe.lu\/fr\/notice-legale\/\"]}]},{\"@type\":\"BreadcrumbList\",\"@id\":\"https:\/\/creative-europe.lu\/fr\/notice-legale\/#breadcrumb\",\"itemListElement\":[{\"@type\":\"ListItem\",\"position\":1,\"name\":\"Home\",\"item\":\"https:\/\/creative-europe.lu\/fr\/home\/\"},{\"@type\":\"ListItem\",\"position\":2,\"name\":\"Notice L\u00e9gale\"}]},{\"@type\":\"WebSite\",\"@id\":\"https:\/\/creative-europe.lu\/fr\/#website\",\"url\":\"https:\/\/creative-europe.lu\/fr\/\",\"name\":\"Creative Europe\",\"description\":\"\",\"publisher\":{\"@id\":\"https:\/\/creative-europe.lu\/fr\/#organization\"},\"potentialAction\":[{\"@type\":\"SearchAction\",\"target\":{\"@type\":\"EntryPoint\",\"urlTemplate\":\"https:\/\/creative-europe.lu\/fr\/?s={search_term_string}\"},\"query-input\":{\"@type\":\"PropertyValueSpecification\",\"valueRequired\":true,\"valueName\":\"search_term_string\"}}],\"inLanguage\":\"fr-FR\"},{\"@type\":\"Organization\",\"@id\":\"https:\/\/creative-europe.lu\/fr\/#organization\",\"name\":\"Creative Europe | Desk Luxembourg\",\"url\":\"https:\/\/creative-europe.lu\/fr\/\",\"logo\":{\"@type\":\"ImageObject\",\"inLanguage\":\"fr-FR\",\"@id\":\"https:\/\/creative-europe.lu\/fr\/#\/schema\/logo\/image\/\",\"url\":\"https:\/\/creative-europe.lu\/wp-content\/uploads\/2021\/12\/ce_desklux_blue_logo.png\",\"contentUrl\":\"https:\/\/creative-europe.lu\/wp-content\/uploads\/2021\/12\/ce_desklux_blue_logo.png\",\"width\":2476,\"height\":527,\"caption\":\"Creative Europe | Desk Luxembourg\"},\"image\":{\"@id\":\"https:\/\/creative-europe.lu\/fr\/#\/schema\/logo\/image\/\"}}]}<\/script>\n<!-- \/ Yoast SEO plugin. -->","yoast_head_json":{"title":"Notice L\u00e9gale - Creative Europe","robots":{"index":"index","follow":"follow","max-snippet":"max-snippet:-1","max-image-preview":"max-image-preview:large","max-video-preview":"max-video-preview:-1"},"canonical":"https:\/\/creative-europe.lu\/fr\/notice-legale\/","og_locale":"fr_FR","og_type":"article","og_title":"Notice L\u00e9gale - Creative Europe","og_description":"[vc_row][vc_column][vc_column_text]Le site www.creative-europe.lu est un projet du Film Fund Luxembourg et de l\u2019Agence luxembourgeoise d\u2019action culturelle asbl. Il est mis en \u0153uvre et exploit\u00e9 par le Film Fund Luxembourg et de l\u2019Agence luxembourgeoise d\u2019action culturelle asbl. L\u2019\u00e9diteur et le responsable du site est : Agence luxembourgeoise d\u2019action culturelle Cerlce Cit\u00e9 | Place d\u2019Armes B.P. 267 [&hellip;]","og_url":"https:\/\/creative-europe.lu\/fr\/notice-legale\/","og_site_name":"Creative Europe","article_modified_time":"2022-01-27T19:57:48+00:00","og_image":[{"width":2476,"height":527,"url":"https:\/\/creative-europe.lu\/wp-content\/uploads\/2021\/12\/ce_desklux_blue_logo.png","type":"image\/png"}],"twitter_card":"summary_large_image","twitter_misc":{"Dur\u00e9e de lecture estim\u00e9e":"1 minute"},"schema":{"@context":"https:\/\/schema.org","@graph":[{"@type":"WebPage","@id":"https:\/\/creative-europe.lu\/fr\/notice-legale\/","url":"https:\/\/creative-europe.lu\/fr\/notice-legale\/","name":"Notice L\u00e9gale - Creative Europe","isPartOf":{"@id":"https:\/\/creative-europe.lu\/fr\/#website"},"datePublished":"2021-11-06T18:58:22+00:00","dateModified":"2022-01-27T19:57:48+00:00","breadcrumb":{"@id":"https:\/\/creative-europe.lu\/fr\/notice-legale\/#breadcrumb"},"inLanguage":"fr-FR","potentialAction":[{"@type":"ReadAction","target":["https:\/\/creative-europe.lu\/fr\/notice-legale\/"]}]},{"@type":"BreadcrumbList","@id":"https:\/\/creative-europe.lu\/fr\/notice-legale\/#breadcrumb","itemListElement":[{"@type":"ListItem","position":1,"name":"Home","item":"https:\/\/creative-europe.lu\/fr\/home\/"},{"@type":"ListItem","position":2,"name":"Notice L\u00e9gale"}]},{"@type":"WebSite","@id":"https:\/\/creative-europe.lu\/fr\/#website","url":"https:\/\/creative-europe.lu\/fr\/","name":"Creative Europe","description":"","publisher":{"@id":"https:\/\/creative-europe.lu\/fr\/#organization"},"potentialAction":[{"@type":"SearchAction","target":{"@type":"EntryPoint","urlTemplate":"https:\/\/creative-europe.lu\/fr\/?s={search_term_string}"},"query-input":{"@type":"PropertyValueSpecification","valueRequired":true,"valueName":"search_term_string"}}],"inLanguage":"fr-FR"},{"@type":"Organization","@id":"https:\/\/creative-europe.lu\/fr\/#organization","name":"Creative Europe | Desk Luxembourg","url":"https:\/\/creative-europe.lu\/fr\/","logo":{"@type":"ImageObject","inLanguage":"fr-FR","@id":"https:\/\/creative-europe.lu\/fr\/#\/schema\/logo\/image\/","url":"https:\/\/creative-europe.lu\/wp-content\/uploads\/2021\/12\/ce_desklux_blue_logo.png","contentUrl":"https:\/\/creative-europe.lu\/wp-content\/uploads\/2021\/12\/ce_desklux_blue_logo.png","width":2476,"height":527,"caption":"Creative Europe | Desk Luxembourg"},"image":{"@id":"https:\/\/creative-europe.lu\/fr\/#\/schema\/logo\/image\/"}}]}},"_links":{"self":[{"href":"https:\/\/creative-europe.lu\/fr\/wp-json\/wp\/v2\/pages\/481","targetHints":{"allow":["GET"]}}],"collection":[{"href":"https:\/\/creative-europe.lu\/fr\/wp-json\/wp\/v2\/pages"}],"about":[{"href":"https:\/\/creative-europe.lu\/fr\/wp-json\/wp\/v2\/types\/page"}],"author":[{"embeddable":true,"href":"https:\/\/creative-europe.lu\/fr\/wp-json\/wp\/v2\/users\/1"}],"replies":[{"embeddable":true,"href":"https:\/\/creative-europe.lu\/fr\/wp-json\/wp\/v2\/comments?post=481"}],"version-history":[{"count":9,"href":"https:\/\/creative-europe.lu\/fr\/wp-json\/wp\/v2\/pages\/481\/revisions"}],"predecessor-version":[{"id":1683,"href":"https:\/\/creative-europe.lu\/fr\/wp-json\/wp\/v2\/pages\/481\/revisions\/1683"}],"wp:attachment":[{"href":"https:\/\/creative-europe.lu\/fr\/wp-json\/wp\/v2\/media?parent=481"}],"curies":[{"name":"wp","href":"https:\/\/api.w.org\/{rel}","templated":true}]}}