{"id":1347,"date":"2022-01-03T09:49:16","date_gmt":"2022-01-03T09:49:16","guid":{"rendered":"https:\/\/creative-europe.lu\/media\/policy-cluster\/"},"modified":"2022-01-03T09:49:19","modified_gmt":"2022-01-03T09:49:19","slug":"policy-cluster","status":"publish","type":"page","link":"https:\/\/creative-europe.lu\/fr\/media\/policy-cluster\/","title":{"rendered":"POLICY Cluster"},"content":{"rendered":"<div class=\"wpb-content-wrapper\"><p>[vc_row full_width=\u00a0\u00bbstretch_row\u00a0\u00bb gap=\u00a0\u00bb35&Prime; equal_height=\u00a0\u00bbyes\u00a0\u00bb content_placement=\u00a0\u00bbtop\u00a0\u00bb parallax=\u00a0\u00bbcontent-moving-fade\u00a0\u00bb parallax_image=\u00a0\u00bb412&Prime; el_class=\u00a0\u00bboverlay-gradient\u00a0\u00bb css=\u00a0\u00bb.vc_custom_1637242013270{padding-top: 20% !important;}\u00a0\u00bb][vc_column width=\u00a0\u00bb2\/3&Prime;][vc_column_text]<\/p>\n<h2>Le Cluster \u201cPolitiques\u201d de MEDIA vise \u00e0 promouvoir des politiques en faveur du secteur audiovisuel p\u00e9rennes, holistiques, innovantes et inclusives. Il s\u2019articule autour de plusieurs initiatives :<\/h2>\n<p>[\/vc_column_text][vc_column_text]\u2022 Le dialogue r\u00e9glementaire et strat\u00e9gique ;<\/p>\n<p>\u2022 Le partage d\u2019analyses et de donn\u00e9es sur l\u2019\u00e9cosyst\u00e8me audiovisuel et les tendances du march\u00e9 ;<\/p>\n<p>\u2022 Des consultations des parties prenantes ;<\/p>\n<p>\u2022 Des actions de promotion et de sensibilisation.[\/vc_column_text][vc_column_text]Vous trouverez de plus amples informations sur les conf\u00e9rences, webinaires, \u00e9tudes, rapports et consultations organis\u00e9s au sein du Cluster \u00ab Politiques \u00bb sur les pages \u201c<a href=\"https:\/\/creative-europe.lu\/fr\/evenements\/\">events<\/a>\u201d, \u201c<a href=\"https:\/\/creative-europe.lu\/fr\/publications\/\">publications<\/a>\u201d et \u201c<a href=\"https:\/\/creative-europe.lu\/fr\/actualites\/\">news<\/a>\u201d.[\/vc_column_text][\/vc_column][vc_column width=\u00a0\u00bb1\/3&Prime;][\/vc_column][\/vc_row][vc_row css=\u00a0\u00bb.vc_custom_1637265816298{padding-bottom: 10% !important;}\u00a0\u00bb][vc_column][\/vc_column][\/vc_row]<\/p>\n<\/div>","protected":false},"excerpt":{"rendered":"<p>[vc_row full_width=\u00a0\u00bbstretch_row\u00a0\u00bb gap=\u00a0\u00bb35&Prime; equal_height=\u00a0\u00bbyes\u00a0\u00bb content_placement=\u00a0\u00bbtop\u00a0\u00bb parallax=\u00a0\u00bbcontent-moving-fade\u00a0\u00bb parallax_image=\u00a0\u00bb412&Prime; el_class=\u00a0\u00bboverlay-gradient\u00a0\u00bb css=\u00a0\u00bb.vc_custom_1637242013270{padding-top: 20% !important;}\u00a0\u00bb][vc_column width=\u00a0\u00bb2\/3&Prime;][vc_column_text] Le Cluster \u201cPolitiques\u201d de MEDIA vise \u00e0 promouvoir des politiques en faveur du secteur audiovisuel p\u00e9rennes, holistiques, innovantes et inclusives. Il s\u2019articule autour de plusieurs initiatives : [\/vc_column_text][vc_column_text]\u2022 Le dialogue r\u00e9glementaire et strat\u00e9gique ; \u2022 Le partage d\u2019analyses et de donn\u00e9es sur l\u2019\u00e9cosyst\u00e8me [&hellip;]<\/p>\n","protected":false},"author":1,"featured_media":0,"parent":1271,"menu_order":0,"comment_status":"closed","ping_status":"closed","template":"","meta":{"_acf_changed":false,"inline_featured_image":false,"footnotes":""},"class_list":["post-1347","page","type-page","status-publish","hentry"],"acf":[],"yoast_head":"<!-- This site is optimized with the Yoast SEO plugin v27.3 - https:\/\/yoast.com\/product\/yoast-seo-wordpress\/ -->\n<title>POLICY Cluster - Creative Europe<\/title>\n<meta name=\"robots\" content=\"index, follow, max-snippet:-1, max-image-preview:large, max-video-preview:-1\" \/>\n<link rel=\"canonical\" href=\"https:\/\/creative-europe.lu\/fr\/media\/policy-cluster\/\" \/>\n<meta property=\"og:locale\" content=\"fr_FR\" \/>\n<meta property=\"og:type\" content=\"article\" \/>\n<meta property=\"og:title\" content=\"POLICY Cluster - Creative Europe\" \/>\n<meta property=\"og:description\" content=\"[vc_row full_width=\u00a0\u00bbstretch_row\u00a0\u00bb gap=\u00a0\u00bb35&Prime; equal_height=\u00a0\u00bbyes\u00a0\u00bb content_placement=\u00a0\u00bbtop\u00a0\u00bb parallax=\u00a0\u00bbcontent-moving-fade\u00a0\u00bb parallax_image=\u00a0\u00bb412&Prime; el_class=\u00a0\u00bboverlay-gradient\u00a0\u00bb css=\u00a0\u00bb.vc_custom_1637242013270{padding-top: 20% !important;}\u00a0\u00bb][vc_column width=\u00a0\u00bb2\/3&Prime;][vc_column_text] Le Cluster \u201cPolitiques\u201d de MEDIA vise \u00e0 promouvoir des politiques en faveur du secteur audiovisuel p\u00e9rennes, holistiques, innovantes et inclusives. Il s\u2019articule autour de plusieurs initiatives : [\/vc_column_text][vc_column_text]\u2022 Le dialogue r\u00e9glementaire et strat\u00e9gique ; \u2022 Le partage d\u2019analyses et de donn\u00e9es sur l\u2019\u00e9cosyst\u00e8me [&hellip;]\" \/>\n<meta property=\"og:url\" content=\"https:\/\/creative-europe.lu\/fr\/media\/policy-cluster\/\" \/>\n<meta property=\"og:site_name\" content=\"Creative Europe\" \/>\n<meta property=\"article:modified_time\" content=\"2022-01-03T09:49:19+00:00\" \/>\n<meta property=\"og:image\" content=\"https:\/\/creative-europe.lu\/wp-content\/uploads\/2021\/12\/ce_desklux_blue_logo.png\" \/>\n\t<meta property=\"og:image:width\" content=\"2476\" \/>\n\t<meta property=\"og:image:height\" content=\"527\" \/>\n\t<meta property=\"og:image:type\" content=\"image\/png\" \/>\n<meta name=\"twitter:card\" content=\"summary_large_image\" \/>\n<meta name=\"twitter:label1\" content=\"Dur\u00e9e de lecture estim\u00e9e\" \/>\n\t<meta name=\"twitter:data1\" content=\"1 minute\" \/>\n<script type=\"application\/ld+json\" class=\"yoast-schema-graph\">{\"@context\":\"https:\\\/\\\/schema.org\",\"@graph\":[{\"@type\":\"WebPage\",\"@id\":\"https:\\\/\\\/creative-europe.lu\\\/fr\\\/media\\\/policy-cluster\\\/\",\"url\":\"https:\\\/\\\/creative-europe.lu\\\/fr\\\/media\\\/policy-cluster\\\/\",\"name\":\"POLICY Cluster - Creative Europe\",\"isPartOf\":{\"@id\":\"https:\\\/\\\/creative-europe.lu\\\/fr\\\/#website\"},\"datePublished\":\"2022-01-03T09:49:16+00:00\",\"dateModified\":\"2022-01-03T09:49:19+00:00\",\"breadcrumb\":{\"@id\":\"https:\\\/\\\/creative-europe.lu\\\/fr\\\/media\\\/policy-cluster\\\/#breadcrumb\"},\"inLanguage\":\"fr-FR\",\"potentialAction\":[{\"@type\":\"ReadAction\",\"target\":[\"https:\\\/\\\/creative-europe.lu\\\/fr\\\/media\\\/policy-cluster\\\/\"]}]},{\"@type\":\"BreadcrumbList\",\"@id\":\"https:\\\/\\\/creative-europe.lu\\\/fr\\\/media\\\/policy-cluster\\\/#breadcrumb\",\"itemListElement\":[{\"@type\":\"ListItem\",\"position\":1,\"name\":\"Home\",\"item\":\"https:\\\/\\\/creative-europe.lu\\\/fr\\\/home\\\/\"},{\"@type\":\"ListItem\",\"position\":2,\"name\":\"MEDIA\",\"item\":\"https:\\\/\\\/creative-europe.lu\\\/fr\\\/media\\\/\"},{\"@type\":\"ListItem\",\"position\":3,\"name\":\"POLICY Cluster\"}]},{\"@type\":\"WebSite\",\"@id\":\"https:\\\/\\\/creative-europe.lu\\\/fr\\\/#website\",\"url\":\"https:\\\/\\\/creative-europe.lu\\\/fr\\\/\",\"name\":\"Creative Europe\",\"description\":\"\",\"publisher\":{\"@id\":\"https:\\\/\\\/creative-europe.lu\\\/fr\\\/#organization\"},\"potentialAction\":[{\"@type\":\"SearchAction\",\"target\":{\"@type\":\"EntryPoint\",\"urlTemplate\":\"https:\\\/\\\/creative-europe.lu\\\/fr\\\/?s={search_term_string}\"},\"query-input\":{\"@type\":\"PropertyValueSpecification\",\"valueRequired\":true,\"valueName\":\"search_term_string\"}}],\"inLanguage\":\"fr-FR\"},{\"@type\":\"Organization\",\"@id\":\"https:\\\/\\\/creative-europe.lu\\\/fr\\\/#organization\",\"name\":\"Creative Europe | Desk Luxembourg\",\"url\":\"https:\\\/\\\/creative-europe.lu\\\/fr\\\/\",\"logo\":{\"@type\":\"ImageObject\",\"inLanguage\":\"fr-FR\",\"@id\":\"https:\\\/\\\/creative-europe.lu\\\/fr\\\/#\\\/schema\\\/logo\\\/image\\\/\",\"url\":\"https:\\\/\\\/creative-europe.lu\\\/wp-content\\\/uploads\\\/2021\\\/12\\\/ce_desklux_blue_logo.png\",\"contentUrl\":\"https:\\\/\\\/creative-europe.lu\\\/wp-content\\\/uploads\\\/2021\\\/12\\\/ce_desklux_blue_logo.png\",\"width\":2476,\"height\":527,\"caption\":\"Creative Europe | Desk Luxembourg\"},\"image\":{\"@id\":\"https:\\\/\\\/creative-europe.lu\\\/fr\\\/#\\\/schema\\\/logo\\\/image\\\/\"}}]}<\/script>\n<!-- \/ Yoast SEO plugin. -->","yoast_head_json":{"title":"POLICY Cluster - Creative Europe","robots":{"index":"index","follow":"follow","max-snippet":"max-snippet:-1","max-image-preview":"max-image-preview:large","max-video-preview":"max-video-preview:-1"},"canonical":"https:\/\/creative-europe.lu\/fr\/media\/policy-cluster\/","og_locale":"fr_FR","og_type":"article","og_title":"POLICY Cluster - Creative Europe","og_description":"[vc_row full_width=\u00a0\u00bbstretch_row\u00a0\u00bb gap=\u00a0\u00bb35&Prime; equal_height=\u00a0\u00bbyes\u00a0\u00bb content_placement=\u00a0\u00bbtop\u00a0\u00bb parallax=\u00a0\u00bbcontent-moving-fade\u00a0\u00bb parallax_image=\u00a0\u00bb412&Prime; el_class=\u00a0\u00bboverlay-gradient\u00a0\u00bb css=\u00a0\u00bb.vc_custom_1637242013270{padding-top: 20% !important;}\u00a0\u00bb][vc_column width=\u00a0\u00bb2\/3&Prime;][vc_column_text] Le Cluster \u201cPolitiques\u201d de MEDIA vise \u00e0 promouvoir des politiques en faveur du secteur audiovisuel p\u00e9rennes, holistiques, innovantes et inclusives. Il s\u2019articule autour de plusieurs initiatives : [\/vc_column_text][vc_column_text]\u2022 Le dialogue r\u00e9glementaire et strat\u00e9gique ; \u2022 Le partage d\u2019analyses et de donn\u00e9es sur l\u2019\u00e9cosyst\u00e8me [&hellip;]","og_url":"https:\/\/creative-europe.lu\/fr\/media\/policy-cluster\/","og_site_name":"Creative Europe","article_modified_time":"2022-01-03T09:49:19+00:00","og_image":[{"width":2476,"height":527,"url":"https:\/\/creative-europe.lu\/wp-content\/uploads\/2021\/12\/ce_desklux_blue_logo.png","type":"image\/png"}],"twitter_card":"summary_large_image","twitter_misc":{"Dur\u00e9e de lecture estim\u00e9e":"1 minute"},"schema":{"@context":"https:\/\/schema.org","@graph":[{"@type":"WebPage","@id":"https:\/\/creative-europe.lu\/fr\/media\/policy-cluster\/","url":"https:\/\/creative-europe.lu\/fr\/media\/policy-cluster\/","name":"POLICY Cluster - Creative Europe","isPartOf":{"@id":"https:\/\/creative-europe.lu\/fr\/#website"},"datePublished":"2022-01-03T09:49:16+00:00","dateModified":"2022-01-03T09:49:19+00:00","breadcrumb":{"@id":"https:\/\/creative-europe.lu\/fr\/media\/policy-cluster\/#breadcrumb"},"inLanguage":"fr-FR","potentialAction":[{"@type":"ReadAction","target":["https:\/\/creative-europe.lu\/fr\/media\/policy-cluster\/"]}]},{"@type":"BreadcrumbList","@id":"https:\/\/creative-europe.lu\/fr\/media\/policy-cluster\/#breadcrumb","itemListElement":[{"@type":"ListItem","position":1,"name":"Home","item":"https:\/\/creative-europe.lu\/fr\/home\/"},{"@type":"ListItem","position":2,"name":"MEDIA","item":"https:\/\/creative-europe.lu\/fr\/media\/"},{"@type":"ListItem","position":3,"name":"POLICY Cluster"}]},{"@type":"WebSite","@id":"https:\/\/creative-europe.lu\/fr\/#website","url":"https:\/\/creative-europe.lu\/fr\/","name":"Creative Europe","description":"","publisher":{"@id":"https:\/\/creative-europe.lu\/fr\/#organization"},"potentialAction":[{"@type":"SearchAction","target":{"@type":"EntryPoint","urlTemplate":"https:\/\/creative-europe.lu\/fr\/?s={search_term_string}"},"query-input":{"@type":"PropertyValueSpecification","valueRequired":true,"valueName":"search_term_string"}}],"inLanguage":"fr-FR"},{"@type":"Organization","@id":"https:\/\/creative-europe.lu\/fr\/#organization","name":"Creative Europe | Desk Luxembourg","url":"https:\/\/creative-europe.lu\/fr\/","logo":{"@type":"ImageObject","inLanguage":"fr-FR","@id":"https:\/\/creative-europe.lu\/fr\/#\/schema\/logo\/image\/","url":"https:\/\/creative-europe.lu\/wp-content\/uploads\/2021\/12\/ce_desklux_blue_logo.png","contentUrl":"https:\/\/creative-europe.lu\/wp-content\/uploads\/2021\/12\/ce_desklux_blue_logo.png","width":2476,"height":527,"caption":"Creative Europe | Desk Luxembourg"},"image":{"@id":"https:\/\/creative-europe.lu\/fr\/#\/schema\/logo\/image\/"}}]}},"_links":{"self":[{"href":"https:\/\/creative-europe.lu\/fr\/wp-json\/wp\/v2\/pages\/1347","targetHints":{"allow":["GET"]}}],"collection":[{"href":"https:\/\/creative-europe.lu\/fr\/wp-json\/wp\/v2\/pages"}],"about":[{"href":"https:\/\/creative-europe.lu\/fr\/wp-json\/wp\/v2\/types\/page"}],"author":[{"embeddable":true,"href":"https:\/\/creative-europe.lu\/fr\/wp-json\/wp\/v2\/users\/1"}],"replies":[{"embeddable":true,"href":"https:\/\/creative-europe.lu\/fr\/wp-json\/wp\/v2\/comments?post=1347"}],"version-history":[{"count":5,"href":"https:\/\/creative-europe.lu\/fr\/wp-json\/wp\/v2\/pages\/1347\/revisions"}],"predecessor-version":[{"id":1352,"href":"https:\/\/creative-europe.lu\/fr\/wp-json\/wp\/v2\/pages\/1347\/revisions\/1352"}],"up":[{"embeddable":true,"href":"https:\/\/creative-europe.lu\/fr\/wp-json\/wp\/v2\/pages\/1271"}],"wp:attachment":[{"href":"https:\/\/creative-europe.lu\/fr\/wp-json\/wp\/v2\/media?parent=1347"}],"curies":[{"name":"wp","href":"https:\/\/api.w.org\/{rel}","templated":true}]}}