{"id":1252,"date":"2021-12-18T00:43:41","date_gmt":"2021-12-18T00:43:41","guid":{"rendered":"https:\/\/creative-europe.lu\/transsectoriel\/"},"modified":"2023-12-20T17:34:01","modified_gmt":"2023-12-20T16:34:01","slug":"transsectoriel","status":"publish","type":"page","link":"https:\/\/creative-europe.lu\/fr\/transsectoriel\/","title":{"rendered":"TRANSSECTORIEL"},"content":{"rendered":"<div class=\"wpb-content-wrapper\"><p>[vc_row full_width=\u00a0\u00bbstretch_row\u00a0\u00bb content_placement=\u00a0\u00bbmiddle\u00a0\u00bb parallax=\u00a0\u00bbcontent-moving-fade\u00a0\u00bb parallax_image=\u00a0\u00bb341&Prime; el_class=\u00a0\u00bboverlay-gradient\u00a0\u00bb css=\u00a0\u00bb.vc_custom_1637335455914{padding-top: 20% !important;}\u00a0\u00bb][vc_column width=\u00a0\u00bb2\/3&Prime;][vc_column_text]<\/p>\n<h2>Le volet transsectoriel porte sur les opportunit\u00e9s et d\u00e9fis communs aux secteurs de la culture et de la cr\u00e9ation, avec les priorit\u00e9s et appels annuels suivants :<\/h2>\n<p>[\/vc_column_text][\/vc_column][vc_column width=\u00a0\u00bb1\/3&Prime;][\/vc_column][\/vc_row][vc_row gap=\u00a0\u00bb35&Prime; css=\u00a0\u00bb.vc_custom_1635954196389{padding-bottom: 10% !important;}\u00a0\u00bb][vc_column width=\u00a0\u00bb1\/2&Prime;][vc_custom_heading text=\u00a0\u00bbLaboratoires d\u2019innovation cr\u00e9ative\u00a0\u00bb font_container=\u00a0\u00bbtag:h4|text_align:left\u00a0\u00bb use_theme_fonts=\u00a0\u00bbyes\u00a0\u00bb][vc_column_text]promouvoir les approches innovantes de la cr\u00e9ation, de la diffusion et de la promotion des contenus, ainsi que de l\u2019acc\u00e8s \u00e0 ces derniers, \u00e0 travers les secteurs de la culture et de la cr\u00e9ation.[\/vc_column_text][\/vc_column][vc_column width=\u00a0\u00bb1\/2&Prime;][vc_custom_heading text=\u00a0\u00bbM\u00e9dias d\u2019information\u00a0\u00bb font_container=\u00a0\u00bbtag:h4|text_align:left\u00a0\u00bb use_theme_fonts=\u00a0\u00bbyes\u00a0\u00bb][vc_column_text]soutenir l\u2019\u00e9ducation aux m\u00e9dias, un journalisme de qualit\u00e9, la libert\u00e9 et le pluralisme des m\u00e9dias.[\/vc_column_text][\/vc_column][\/vc_row][vc_row gap=\u00a0\u00bb35&Prime; css=\u00a0\u00bb.vc_custom_1637774388044{padding-bottom: 10% !important;}\u00a0\u00bb el_id=\u00a0\u00bblaboratoires-d-innovation-creative\u00a0\u00bb][vc_column][vc_row_inner][vc_column_inner width=\u00a0\u00bb1\/2&Prime;][vc_custom_heading text=\u00a0\u00bbLaboratoires d\u2019innovation cr\u00e9ative\u00a0\u00bb font_container=\u00a0\u00bbtag:h3|text_align:left\u00a0\u00bb use_theme_fonts=\u00a0\u00bbyes\u00a0\u00bb][\/vc_column_inner][vc_column_inner width=\u00a0\u00bb1\/2&Prime;][\/vc_column_inner][\/vc_row_inner][vc_row_inner][vc_column_inner][vc_column_text]Suivant les actions pilote \u00ab bridging culture and audiovisual content through digital \u00bb, la nouvelle action \u00ab Innovation Labs \u00bb soutient le d\u00e9veloppement <strong>d\u2019outils, de mod\u00e8les<\/strong> et de <strong>solutions innovants applicables au secteur audiovisuel et \u00e0 d\u2019autres secteurs de la culture et de la cr\u00e9ativit\u00e9.<\/strong>[\/vc_column_text][\/vc_column_inner][\/vc_row_inner][vc_row_inner content_placement=\u00a0\u00bbtop\u00a0\u00bb gap=\u00a0\u00bb35&Prime;][vc_column_inner width=\u00a0\u00bb1\/2&Prime;][vc_column_text]R\u00e9sultats attendus :<\/p>\n<ul>\n<li>Am\u00e9liorer la <strong>comp\u00e9titivit\u00e9<\/strong> des secteurs audiovisuels, culturels et cr\u00e9atifs \u00e0 travers la collaboration transsectorielle<\/li>\n<li>Accro\u00eetre le <strong>transfert de connaissence entre diff\u00e9rents secteurs<\/strong> des industries cr\u00e9atives<\/li>\n<li>Accro\u00eetre la <strong>visibilit\u00e9<\/strong>, la disponibilit\u00e9 et la diversit\u00e9 de contenu europ\u00e9en \u00e0 l\u2019\u00e8re digitale<\/li>\n<li>Am\u00e9liorer les <strong>mod\u00e8les commerciaux<\/strong> et l\u2019utilisation des donn\u00e9es<\/li>\n<li><strong>Accro\u00eetre le public<\/strong><strong>potentiel<\/strong> de contenu europ\u00e9en \u00e0 l\u2019\u00e8re digitale<\/li>\n<\/ul>\n<p>[\/vc_column_text][\/vc_column_inner][vc_column_inner width=\u00a0\u00bb1\/2&Prime;][vc_column_text]Le taux de co-financement maximal est de <strong>60%<\/strong> ; il n\u2019y a pas de limite en termes de montant de cofinancement.<\/p>\n<p>Les candidatures doivent \u00eatre soumises par un consortium de <strong>min. 3 entit\u00e9s l\u00e9gales de min. 2 pays diff\u00e9rents<\/strong> participant au programme Creative Europe. Le consortium doit faire preuve large \u00e9ventail d\u2019expertise <strong>couvrant diff\u00e9rents secteurs de la culture et de la cr\u00e9ativit\u00e9<\/strong>,<strong>comprenant le secteur audiovisuel.<\/strong><\/p>\n<p>\u00c9tat: <a href=\"https:\/\/ec.europa.eu\/info\/funding-tenders\/opportunities\/portal\/screen\/opportunities\/topic-details\/crea-cross-2024-innovlab?keywords=innovation&amp;programmePeriod=2021%20-%202027&amp;frameworkProgramme=43251814\">Ouvert <\/a><\/p>\n<p>Date limite: 25 Avril 2024 | 17:00:00 CET[\/vc_column_text][\/vc_column_inner][\/vc_row_inner][\/vc_column][\/vc_row][vc_row gap=\u00a0\u00bb35&Prime; css=\u00a0\u00bb.vc_custom_1637774372310{padding-bottom: 10% !important;}\u00a0\u00bb el_id=\u00a0\u00bbmedias-d-information\u00a0\u00bb][vc_column][vc_row_inner][vc_column_inner width=\u00a0\u00bb1\/2&Prime;][vc_custom_heading text=\u00a0\u00bbM\u00e9dias d\u2019information\u00a0\u00bb font_container=\u00a0\u00bbtag:h3|text_align:left\u00a0\u00bb use_theme_fonts=\u00a0\u00bbyes\u00a0\u00bb][\/vc_column_inner][vc_column_inner width=\u00a0\u00bb1\/2&Prime;][\/vc_column_inner][\/vc_row_inner][vc_row_inner][vc_column_inner][vc_column_text]Par le volet transsectoriel, Creative Europe 2021-2027 s\u2019adresse pour la premi\u00e8re fois au secteur des m\u00e9dias d\u2019information, afin de soutenir l\u2019\u00e9ducation aux m\u00e9dias, le journalisme de qualit\u00e9, la libert\u00e9 et le pluralisme des m\u00e9dias. Deux <strong>appels<\/strong> principaux sont publi\u00e9s annuellement :[\/vc_column_text][\/vc_column_inner][\/vc_row_inner][vc_row_inner content_placement=\u00a0\u00bbtop\u00a0\u00bb gap=\u00a0\u00bb35&Prime;][vc_column_inner width=\u00a0\u00bb1\/2&Prime;][vc_column_text]<\/p>\n<ul>\n<li><strong>NEWS-Journalism partnerships <\/strong>r\u00e9pond aux changements structurels et technologiques dans les m\u00e9dias d&rsquo;information. L&rsquo;appel vise \u00e0 encourager une surveillance ind\u00e9pendante du pluralisme et de la libert\u00e9 des m\u00e9dias en soutenant le journalisme d&rsquo;investigation, les m\u00e9dias d&rsquo;information r\u00e9gionaux et locaux et les activit\u00e9s de sensibilisation. En outre, l\u2019action vise \u00e0 stimuler l\u2019\u00e9mergence durable m\u00e9dias d&rsquo;excellence, en promouvant la coop\u00e9ration \u2013 y compris la collaboration transfrontali\u00e8re en mati\u00e8re de journalisme, de comp\u00e9tences num\u00e9riques et de contenu de qualit\u00e9.<\/li>\n<\/ul>\n<p>Il y a 2 actions diff\u00e9rentes disponibles dans le cadre de l&rsquo;appel :<\/p>\n<ul>\n<li><em><strong>Collaborations<\/strong><\/em> : collaborations transfrontali\u00e8res, qui r\u00e9pondent aux changements structurels et technologiques dans les m\u00e9dias d&rsquo;information, rendant le secteur plus r\u00e9silient et durable et s&rsquo;adaptant aux nouvelles r\u00e9alit\u00e9s \u00e9conomiques et de consommation.<\/li>\n<\/ul>\n<p>Min. 3 organisations partenaires de 3 pays diff\u00e9rents de Creative Europe.<br \/>\nMax. subvention disponible par projet : 2 000 000 \u20ac (cofinancement \u00e0 80 %)<\/p>\n<ul>\n<li><em><strong>Pluralisme<\/strong><\/em> : r\u00e9gime de financement par des tiers. Les b\u00e9n\u00e9ficiaires redistribueront les fonds \u00e0 des organisations plus petites, dans le but d&rsquo;accro\u00eetre la r\u00e9silience, le pluralisme et l&rsquo;ind\u00e9pendance \u00e9ditoriale des m\u00e9dias locaux\/r\u00e9gionaux\/communautaires, des m\u00e9dias d&rsquo;investigation ou des m\u00e9dias sp\u00e9cialis\u00e9s dans les sujets d&rsquo;int\u00e9r\u00eat public.<\/li>\n<\/ul>\n<p>Les candidats individuels (organisations) ou les consortiums d\u2019organisations sont \u00e9ligibles.<br \/>\nMax. subvention disponible par projet : 3 000 000 \u20ac (cofinancement 90 %[\/vc_column_text][\/vc_column_inner][vc_column_inner width=\u00a0\u00bb1\/2&Prime;][vc_column_text]En outre, des <strong>\u00e9tudes<\/strong> sont pr\u00e9vues pour soutenir le secteur des m\u00e9dias d\u2019information, visant \u00e0 <strong>surveiller et d\u00e9fendre la libert\u00e9 et le pluralisme des m\u00e9dias.<\/strong>[\/vc_column_text][\/vc_column_inner][\/vc_row_inner][\/vc_column][\/vc_row]<\/p>\n<\/div>","protected":false},"excerpt":{"rendered":"<p>[vc_row full_width=\u00a0\u00bbstretch_row\u00a0\u00bb content_placement=\u00a0\u00bbmiddle\u00a0\u00bb parallax=\u00a0\u00bbcontent-moving-fade\u00a0\u00bb parallax_image=\u00a0\u00bb341&Prime; el_class=\u00a0\u00bboverlay-gradient\u00a0\u00bb css=\u00a0\u00bb.vc_custom_1637335455914{padding-top: 20% !important;}\u00a0\u00bb][vc_column width=\u00a0\u00bb2\/3&Prime;][vc_column_text] Le volet transsectoriel porte sur les opportunit\u00e9s et d\u00e9fis communs aux secteurs de la culture et de la cr\u00e9ation, avec les priorit\u00e9s et appels annuels suivants : [\/vc_column_text][\/vc_column][vc_column width=\u00a0\u00bb1\/3&Prime;][\/vc_column][\/vc_row][vc_row gap=\u00a0\u00bb35&Prime; css=\u00a0\u00bb.vc_custom_1635954196389{padding-bottom: 10% !important;}\u00a0\u00bb][vc_column width=\u00a0\u00bb1\/2&Prime;][vc_custom_heading text=\u00a0\u00bbLaboratoires d\u2019innovation cr\u00e9ative\u00a0\u00bb font_container=\u00a0\u00bbtag:h4|text_align:left\u00a0\u00bb use_theme_fonts=\u00a0\u00bbyes\u00a0\u00bb][vc_column_text]promouvoir les approches innovantes de la cr\u00e9ation, [&hellip;]<\/p>\n","protected":false},"author":1,"featured_media":0,"parent":0,"menu_order":0,"comment_status":"closed","ping_status":"closed","template":"","meta":{"_acf_changed":false,"inline_featured_image":false,"footnotes":""},"class_list":["post-1252","page","type-page","status-publish","hentry"],"acf":[],"yoast_head":"<!-- This site is optimized with the Yoast SEO plugin v27.3 - https:\/\/yoast.com\/product\/yoast-seo-wordpress\/ -->\n<title>TRANSSECTORIEL - Creative Europe<\/title>\n<meta name=\"robots\" content=\"index, follow, max-snippet:-1, max-image-preview:large, max-video-preview:-1\" \/>\n<link rel=\"canonical\" href=\"https:\/\/creative-europe.lu\/fr\/transsectoriel\/\" \/>\n<meta property=\"og:locale\" content=\"fr_FR\" \/>\n<meta property=\"og:type\" content=\"article\" \/>\n<meta property=\"og:title\" content=\"TRANSSECTORIEL - Creative Europe\" \/>\n<meta property=\"og:description\" content=\"[vc_row full_width=\u00a0\u00bbstretch_row\u00a0\u00bb content_placement=\u00a0\u00bbmiddle\u00a0\u00bb parallax=\u00a0\u00bbcontent-moving-fade\u00a0\u00bb parallax_image=\u00a0\u00bb341&Prime; el_class=\u00a0\u00bboverlay-gradient\u00a0\u00bb css=\u00a0\u00bb.vc_custom_1637335455914{padding-top: 20% !important;}\u00a0\u00bb][vc_column width=\u00a0\u00bb2\/3&Prime;][vc_column_text] Le volet transsectoriel porte sur les opportunit\u00e9s et d\u00e9fis communs aux secteurs de la culture et de la cr\u00e9ation, avec les priorit\u00e9s et appels annuels suivants : [\/vc_column_text][\/vc_column][vc_column width=\u00a0\u00bb1\/3&Prime;][\/vc_column][\/vc_row][vc_row gap=\u00a0\u00bb35&Prime; css=\u00a0\u00bb.vc_custom_1635954196389{padding-bottom: 10% !important;}\u00a0\u00bb][vc_column width=\u00a0\u00bb1\/2&Prime;][vc_custom_heading text=\u00a0\u00bbLaboratoires d\u2019innovation cr\u00e9ative\u00a0\u00bb font_container=\u00a0\u00bbtag:h4|text_align:left\u00a0\u00bb use_theme_fonts=\u00a0\u00bbyes\u00a0\u00bb][vc_column_text]promouvoir les approches innovantes de la cr\u00e9ation, [&hellip;]\" \/>\n<meta property=\"og:url\" content=\"https:\/\/creative-europe.lu\/fr\/transsectoriel\/\" \/>\n<meta property=\"og:site_name\" content=\"Creative Europe\" \/>\n<meta property=\"article:modified_time\" content=\"2023-12-20T16:34:01+00:00\" \/>\n<meta property=\"og:image\" content=\"https:\/\/creative-europe.lu\/wp-content\/uploads\/2021\/12\/ce_desklux_blue_logo.png\" \/>\n\t<meta property=\"og:image:width\" content=\"2476\" \/>\n\t<meta property=\"og:image:height\" content=\"527\" \/>\n\t<meta property=\"og:image:type\" content=\"image\/png\" \/>\n<meta name=\"twitter:card\" content=\"summary_large_image\" \/>\n<meta name=\"twitter:label1\" content=\"Dur\u00e9e de lecture estim\u00e9e\" \/>\n\t<meta name=\"twitter:data1\" content=\"5 minutes\" \/>\n<script type=\"application\/ld+json\" class=\"yoast-schema-graph\">{\"@context\":\"https:\\\/\\\/schema.org\",\"@graph\":[{\"@type\":\"WebPage\",\"@id\":\"https:\\\/\\\/creative-europe.lu\\\/fr\\\/transsectoriel\\\/\",\"url\":\"https:\\\/\\\/creative-europe.lu\\\/fr\\\/transsectoriel\\\/\",\"name\":\"TRANSSECTORIEL - Creative Europe\",\"isPartOf\":{\"@id\":\"https:\\\/\\\/creative-europe.lu\\\/fr\\\/#website\"},\"datePublished\":\"2021-12-18T00:43:41+00:00\",\"dateModified\":\"2023-12-20T16:34:01+00:00\",\"breadcrumb\":{\"@id\":\"https:\\\/\\\/creative-europe.lu\\\/fr\\\/transsectoriel\\\/#breadcrumb\"},\"inLanguage\":\"fr-FR\",\"potentialAction\":[{\"@type\":\"ReadAction\",\"target\":[\"https:\\\/\\\/creative-europe.lu\\\/fr\\\/transsectoriel\\\/\"]}]},{\"@type\":\"BreadcrumbList\",\"@id\":\"https:\\\/\\\/creative-europe.lu\\\/fr\\\/transsectoriel\\\/#breadcrumb\",\"itemListElement\":[{\"@type\":\"ListItem\",\"position\":1,\"name\":\"Home\",\"item\":\"https:\\\/\\\/creative-europe.lu\\\/fr\\\/home\\\/\"},{\"@type\":\"ListItem\",\"position\":2,\"name\":\"TRANSSECTORIEL\"}]},{\"@type\":\"WebSite\",\"@id\":\"https:\\\/\\\/creative-europe.lu\\\/fr\\\/#website\",\"url\":\"https:\\\/\\\/creative-europe.lu\\\/fr\\\/\",\"name\":\"Creative Europe\",\"description\":\"\",\"publisher\":{\"@id\":\"https:\\\/\\\/creative-europe.lu\\\/fr\\\/#organization\"},\"potentialAction\":[{\"@type\":\"SearchAction\",\"target\":{\"@type\":\"EntryPoint\",\"urlTemplate\":\"https:\\\/\\\/creative-europe.lu\\\/fr\\\/?s={search_term_string}\"},\"query-input\":{\"@type\":\"PropertyValueSpecification\",\"valueRequired\":true,\"valueName\":\"search_term_string\"}}],\"inLanguage\":\"fr-FR\"},{\"@type\":\"Organization\",\"@id\":\"https:\\\/\\\/creative-europe.lu\\\/fr\\\/#organization\",\"name\":\"Creative Europe | Desk Luxembourg\",\"url\":\"https:\\\/\\\/creative-europe.lu\\\/fr\\\/\",\"logo\":{\"@type\":\"ImageObject\",\"inLanguage\":\"fr-FR\",\"@id\":\"https:\\\/\\\/creative-europe.lu\\\/fr\\\/#\\\/schema\\\/logo\\\/image\\\/\",\"url\":\"https:\\\/\\\/creative-europe.lu\\\/wp-content\\\/uploads\\\/2021\\\/12\\\/ce_desklux_blue_logo.png\",\"contentUrl\":\"https:\\\/\\\/creative-europe.lu\\\/wp-content\\\/uploads\\\/2021\\\/12\\\/ce_desklux_blue_logo.png\",\"width\":2476,\"height\":527,\"caption\":\"Creative Europe | Desk Luxembourg\"},\"image\":{\"@id\":\"https:\\\/\\\/creative-europe.lu\\\/fr\\\/#\\\/schema\\\/logo\\\/image\\\/\"}}]}<\/script>\n<!-- \/ Yoast SEO plugin. -->","yoast_head_json":{"title":"TRANSSECTORIEL - Creative Europe","robots":{"index":"index","follow":"follow","max-snippet":"max-snippet:-1","max-image-preview":"max-image-preview:large","max-video-preview":"max-video-preview:-1"},"canonical":"https:\/\/creative-europe.lu\/fr\/transsectoriel\/","og_locale":"fr_FR","og_type":"article","og_title":"TRANSSECTORIEL - Creative Europe","og_description":"[vc_row full_width=\u00a0\u00bbstretch_row\u00a0\u00bb content_placement=\u00a0\u00bbmiddle\u00a0\u00bb parallax=\u00a0\u00bbcontent-moving-fade\u00a0\u00bb parallax_image=\u00a0\u00bb341&Prime; el_class=\u00a0\u00bboverlay-gradient\u00a0\u00bb css=\u00a0\u00bb.vc_custom_1637335455914{padding-top: 20% !important;}\u00a0\u00bb][vc_column width=\u00a0\u00bb2\/3&Prime;][vc_column_text] Le volet transsectoriel porte sur les opportunit\u00e9s et d\u00e9fis communs aux secteurs de la culture et de la cr\u00e9ation, avec les priorit\u00e9s et appels annuels suivants : [\/vc_column_text][\/vc_column][vc_column width=\u00a0\u00bb1\/3&Prime;][\/vc_column][\/vc_row][vc_row gap=\u00a0\u00bb35&Prime; css=\u00a0\u00bb.vc_custom_1635954196389{padding-bottom: 10% !important;}\u00a0\u00bb][vc_column width=\u00a0\u00bb1\/2&Prime;][vc_custom_heading text=\u00a0\u00bbLaboratoires d\u2019innovation cr\u00e9ative\u00a0\u00bb font_container=\u00a0\u00bbtag:h4|text_align:left\u00a0\u00bb use_theme_fonts=\u00a0\u00bbyes\u00a0\u00bb][vc_column_text]promouvoir les approches innovantes de la cr\u00e9ation, [&hellip;]","og_url":"https:\/\/creative-europe.lu\/fr\/transsectoriel\/","og_site_name":"Creative Europe","article_modified_time":"2023-12-20T16:34:01+00:00","og_image":[{"width":2476,"height":527,"url":"https:\/\/creative-europe.lu\/wp-content\/uploads\/2021\/12\/ce_desklux_blue_logo.png","type":"image\/png"}],"twitter_card":"summary_large_image","twitter_misc":{"Dur\u00e9e de lecture estim\u00e9e":"5 minutes"},"schema":{"@context":"https:\/\/schema.org","@graph":[{"@type":"WebPage","@id":"https:\/\/creative-europe.lu\/fr\/transsectoriel\/","url":"https:\/\/creative-europe.lu\/fr\/transsectoriel\/","name":"TRANSSECTORIEL - Creative Europe","isPartOf":{"@id":"https:\/\/creative-europe.lu\/fr\/#website"},"datePublished":"2021-12-18T00:43:41+00:00","dateModified":"2023-12-20T16:34:01+00:00","breadcrumb":{"@id":"https:\/\/creative-europe.lu\/fr\/transsectoriel\/#breadcrumb"},"inLanguage":"fr-FR","potentialAction":[{"@type":"ReadAction","target":["https:\/\/creative-europe.lu\/fr\/transsectoriel\/"]}]},{"@type":"BreadcrumbList","@id":"https:\/\/creative-europe.lu\/fr\/transsectoriel\/#breadcrumb","itemListElement":[{"@type":"ListItem","position":1,"name":"Home","item":"https:\/\/creative-europe.lu\/fr\/home\/"},{"@type":"ListItem","position":2,"name":"TRANSSECTORIEL"}]},{"@type":"WebSite","@id":"https:\/\/creative-europe.lu\/fr\/#website","url":"https:\/\/creative-europe.lu\/fr\/","name":"Creative Europe","description":"","publisher":{"@id":"https:\/\/creative-europe.lu\/fr\/#organization"},"potentialAction":[{"@type":"SearchAction","target":{"@type":"EntryPoint","urlTemplate":"https:\/\/creative-europe.lu\/fr\/?s={search_term_string}"},"query-input":{"@type":"PropertyValueSpecification","valueRequired":true,"valueName":"search_term_string"}}],"inLanguage":"fr-FR"},{"@type":"Organization","@id":"https:\/\/creative-europe.lu\/fr\/#organization","name":"Creative Europe | Desk Luxembourg","url":"https:\/\/creative-europe.lu\/fr\/","logo":{"@type":"ImageObject","inLanguage":"fr-FR","@id":"https:\/\/creative-europe.lu\/fr\/#\/schema\/logo\/image\/","url":"https:\/\/creative-europe.lu\/wp-content\/uploads\/2021\/12\/ce_desklux_blue_logo.png","contentUrl":"https:\/\/creative-europe.lu\/wp-content\/uploads\/2021\/12\/ce_desklux_blue_logo.png","width":2476,"height":527,"caption":"Creative Europe | Desk Luxembourg"},"image":{"@id":"https:\/\/creative-europe.lu\/fr\/#\/schema\/logo\/image\/"}}]}},"_links":{"self":[{"href":"https:\/\/creative-europe.lu\/fr\/wp-json\/wp\/v2\/pages\/1252","targetHints":{"allow":["GET"]}}],"collection":[{"href":"https:\/\/creative-europe.lu\/fr\/wp-json\/wp\/v2\/pages"}],"about":[{"href":"https:\/\/creative-europe.lu\/fr\/wp-json\/wp\/v2\/types\/page"}],"author":[{"embeddable":true,"href":"https:\/\/creative-europe.lu\/fr\/wp-json\/wp\/v2\/users\/1"}],"replies":[{"embeddable":true,"href":"https:\/\/creative-europe.lu\/fr\/wp-json\/wp\/v2\/comments?post=1252"}],"version-history":[{"count":10,"href":"https:\/\/creative-europe.lu\/fr\/wp-json\/wp\/v2\/pages\/1252\/revisions"}],"predecessor-version":[{"id":4574,"href":"https:\/\/creative-europe.lu\/fr\/wp-json\/wp\/v2\/pages\/1252\/revisions\/4574"}],"wp:attachment":[{"href":"https:\/\/creative-europe.lu\/fr\/wp-json\/wp\/v2\/media?parent=1252"}],"curies":[{"name":"wp","href":"https:\/\/api.w.org\/{rel}","templated":true}]}}