{"id":1225,"date":"2021-12-18T00:05:34","date_gmt":"2021-12-18T00:05:34","guid":{"rendered":"https:\/\/creative-europe.lu\/comment-postuler\/"},"modified":"2021-12-18T00:06:17","modified_gmt":"2021-12-18T00:06:17","slug":"comment-postuler","status":"publish","type":"page","link":"https:\/\/creative-europe.lu\/fr\/creative-europe-desk-luxembourg\/comment-postuler\/","title":{"rendered":"Comment postuler ?"},"content":{"rendered":"<div class=\"wpb-content-wrapper\"><p>[vc_row full_width=\u00a0\u00bbstretch_row\u00a0\u00bb gap=\u00a0\u00bb35&Prime; equal_height=\u00a0\u00bbyes\u00a0\u00bb content_placement=\u00a0\u00bbtop\u00a0\u00bb parallax=\u00a0\u00bbcontent-moving-fade\u00a0\u00bb parallax_image=\u00a0\u00bb412&Prime; el_class=\u00a0\u00bboverlay-gradient\u00a0\u00bb css=\u00a0\u00bb.vc_custom_1637242013270{padding-top: 20% !important;}\u00a0\u00bb][vc_column width=\u00a0\u00bb1\/2&Prime;][vc_column_text]<\/p>\n<h2>Les dossiers de candidatures peuvent \u00eatre cr\u00e9\u00e9s et soumis pendant la dur\u00e9e d\u2019ouverture d\u2019un appel en ligne via le <a href=\"https:\/\/ec.europa.eu\/info\/funding-tenders\/opportunities\/portal\/screen\/home\">\u00ab Funding and Tenders Portal \u00bb<\/a>. Nous vous recommandons toutefois de pr\u00e9parer votre candidature en amont.<\/h2>\n<p>[\/vc_column_text][\/vc_column][vc_column width=\u00a0\u00bb1\/2&Prime;][\/vc_column][\/vc_row][vc_row][vc_column][vc_custom_heading text=\u00a0\u00bbPour soumettre votre candidature, veuillez suivre les 4 \u00e9tapes suivantes :\u00a0\u00bb font_container=\u00a0\u00bbtag:h3|text_align:left\u00a0\u00bb use_theme_fonts=\u00a0\u00bbyes\u00a0\u00bb][\/vc_column][\/vc_row][vc_row gap=\u00a0\u00bb35&Prime; equal_height=\u00a0\u00bbyes\u00a0\u00bb content_placement=\u00a0\u00bbtop\u00a0\u00bb css=\u00a0\u00bb.vc_custom_1637265964752{padding-bottom: 3% !important;}\u00a0\u00bb][vc_column width=\u00a0\u00bb1\/4&Prime;][vc_column_text]<strong>Cr\u00e9ez un<\/strong> <a href=\"https:\/\/webgate.ec.europa.eu\/cas\/eim\/external\/register.cgi\"><strong>compte d\u2019utilisateur<\/strong><\/a> pour g\u00e9n\u00e9rer votre EU-login et <strong>enregistrez-vous<\/strong> sur le <a href=\"https:\/\/ec.europa.eu\/info\/funding-tenders\/opportunities\/portal\/screen\/how-to-participate\/participant-register\"><strong>\u00ab participant register \u00bb<\/strong><\/a>. Le PIC (participant identification code) ainsi obtenu est obligatoire pour cr\u00e9er une candidature.[\/vc_column_text][\/vc_column][vc_column width=\u00a0\u00bb1\/4&Prime;][vc_column_text]<strong>Allez sur le<\/strong> <a href=\"https:\/\/ec.europa.eu\/info\/funding-tenders\/opportunities\/portal\/screen\/home\"><strong>\u00ab Funding and Tenders Portal \u00bb<\/strong><\/a>, recherchez l\u2019appel qui vous int\u00e9resse et cliquez sur \u00ab start submission \u00bb.[\/vc_column_text][\/vc_column][vc_column width=\u00a0\u00bb1\/4&Prime;][vc_column_text]Lisez en detail toutes les informations disponibles sur l\u2019appel, ainsi que le \u00ab call document \u00bb que vous trouvez sous \u00ab conditions and documents \u00bb. <strong>Commencez \u00e0 remplir<\/strong> les formulaires et documents n\u00e9cessaires :<\/p>\n<ul>\n<li>Part A, accessible sous \u00ab edit forms \u00bb \u2013 il s\u2019agit d\u2019informations g\u00e9n\u00e9rales sur la candidature (\u00e0 remplir en ligne)<\/li>\n<li>Part B \u2013 document de candidature (Word) et fichier de budget (Excel), \u00e0 t\u00e9l\u00e9charger, remplir et re-t\u00e9l\u00e9charger sur la plateforme<\/li>\n<li>Part C &#8211; information sur les priorit\u00e9s de l\u2019appel et les organisations qui participent \u00e0 la candidature (\u00e0 remplir en ligne)<\/li>\n<\/ul>\n<p>[\/vc_column_text][\/vc_column][vc_column width=\u00a0\u00bb1\/4&Prime;][vc_column_text]<strong>T\u00e9l\u00e9chargez<\/strong> les fichiers et annexes n\u00e9cessaires sur la plateforme, <strong>validez et soumettez<\/strong> votre candidature en ligne.[\/vc_column_text][\/vc_column][\/vc_row][vc_row css=\u00a0\u00bb.vc_custom_1637265816298{padding-bottom: 10% !important;}\u00a0\u00bb][vc_column][\/vc_column][\/vc_row]<\/p>\n<\/div>","protected":false},"excerpt":{"rendered":"<p>[vc_row full_width=\u00a0\u00bbstretch_row\u00a0\u00bb gap=\u00a0\u00bb35&Prime; equal_height=\u00a0\u00bbyes\u00a0\u00bb content_placement=\u00a0\u00bbtop\u00a0\u00bb parallax=\u00a0\u00bbcontent-moving-fade\u00a0\u00bb parallax_image=\u00a0\u00bb412&Prime; el_class=\u00a0\u00bboverlay-gradient\u00a0\u00bb css=\u00a0\u00bb.vc_custom_1637242013270{padding-top: 20% !important;}\u00a0\u00bb][vc_column width=\u00a0\u00bb1\/2&Prime;][vc_column_text] Les dossiers de candidatures peuvent \u00eatre cr\u00e9\u00e9s et soumis pendant la dur\u00e9e d\u2019ouverture d\u2019un appel en ligne via le \u00ab Funding and Tenders Portal \u00bb. Nous vous recommandons toutefois de pr\u00e9parer votre candidature en amont. [\/vc_column_text][\/vc_column][vc_column width=\u00a0\u00bb1\/2&Prime;][\/vc_column][\/vc_row][vc_row][vc_column][vc_custom_heading text=\u00a0\u00bbPour soumettre votre candidature, veuillez suivre [&hellip;]<\/p>\n","protected":false},"author":1,"featured_media":0,"parent":1240,"menu_order":0,"comment_status":"closed","ping_status":"closed","template":"","meta":{"_acf_changed":false,"inline_featured_image":false,"footnotes":""},"class_list":["post-1225","page","type-page","status-publish","hentry"],"acf":[],"yoast_head":"<!-- This site is optimized with the Yoast SEO plugin v27.2 - https:\/\/yoast.com\/product\/yoast-seo-wordpress\/ -->\n<title>Comment postuler ? - Creative Europe<\/title>\n<meta name=\"robots\" content=\"index, follow, max-snippet:-1, max-image-preview:large, max-video-preview:-1\" \/>\n<link rel=\"canonical\" href=\"https:\/\/creative-europe.lu\/fr\/creative-europe-desk-luxembourg\/comment-postuler\/\" \/>\n<meta property=\"og:locale\" content=\"fr_FR\" \/>\n<meta property=\"og:type\" content=\"article\" \/>\n<meta property=\"og:title\" content=\"Comment postuler ? - Creative Europe\" \/>\n<meta property=\"og:description\" content=\"[vc_row full_width=\u00a0\u00bbstretch_row\u00a0\u00bb gap=\u00a0\u00bb35&Prime; equal_height=\u00a0\u00bbyes\u00a0\u00bb content_placement=\u00a0\u00bbtop\u00a0\u00bb parallax=\u00a0\u00bbcontent-moving-fade\u00a0\u00bb parallax_image=\u00a0\u00bb412&Prime; el_class=\u00a0\u00bboverlay-gradient\u00a0\u00bb css=\u00a0\u00bb.vc_custom_1637242013270{padding-top: 20% !important;}\u00a0\u00bb][vc_column width=\u00a0\u00bb1\/2&Prime;][vc_column_text] Les dossiers de candidatures peuvent \u00eatre cr\u00e9\u00e9s et soumis pendant la dur\u00e9e d\u2019ouverture d\u2019un appel en ligne via le \u00ab Funding and Tenders Portal \u00bb. Nous vous recommandons toutefois de pr\u00e9parer votre candidature en amont. [\/vc_column_text][\/vc_column][vc_column width=\u00a0\u00bb1\/2&Prime;][\/vc_column][\/vc_row][vc_row][vc_column][vc_custom_heading text=\u00a0\u00bbPour soumettre votre candidature, veuillez suivre [&hellip;]\" \/>\n<meta property=\"og:url\" content=\"https:\/\/creative-europe.lu\/fr\/creative-europe-desk-luxembourg\/comment-postuler\/\" \/>\n<meta property=\"og:site_name\" content=\"Creative Europe\" \/>\n<meta property=\"article:modified_time\" content=\"2021-12-18T00:06:17+00:00\" \/>\n<meta property=\"og:image\" content=\"https:\/\/creative-europe.lu\/wp-content\/uploads\/2021\/12\/ce_desklux_blue_logo.png\" \/>\n\t<meta property=\"og:image:width\" content=\"2476\" \/>\n\t<meta property=\"og:image:height\" content=\"527\" \/>\n\t<meta property=\"og:image:type\" content=\"image\/png\" \/>\n<meta name=\"twitter:card\" content=\"summary_large_image\" \/>\n<meta name=\"twitter:label1\" content=\"Dur\u00e9e de lecture estim\u00e9e\" \/>\n\t<meta name=\"twitter:data1\" content=\"2 minutes\" \/>\n<script type=\"application\/ld+json\" class=\"yoast-schema-graph\">{\"@context\":\"https:\/\/schema.org\",\"@graph\":[{\"@type\":\"WebPage\",\"@id\":\"https:\/\/creative-europe.lu\/fr\/creative-europe-desk-luxembourg\/comment-postuler\/\",\"url\":\"https:\/\/creative-europe.lu\/fr\/creative-europe-desk-luxembourg\/comment-postuler\/\",\"name\":\"Comment postuler ? - Creative Europe\",\"isPartOf\":{\"@id\":\"https:\/\/creative-europe.lu\/fr\/#website\"},\"datePublished\":\"2021-12-18T00:05:34+00:00\",\"dateModified\":\"2021-12-18T00:06:17+00:00\",\"breadcrumb\":{\"@id\":\"https:\/\/creative-europe.lu\/fr\/creative-europe-desk-luxembourg\/comment-postuler\/#breadcrumb\"},\"inLanguage\":\"fr-FR\",\"potentialAction\":[{\"@type\":\"ReadAction\",\"target\":[\"https:\/\/creative-europe.lu\/fr\/creative-europe-desk-luxembourg\/comment-postuler\/\"]}]},{\"@type\":\"BreadcrumbList\",\"@id\":\"https:\/\/creative-europe.lu\/fr\/creative-europe-desk-luxembourg\/comment-postuler\/#breadcrumb\",\"itemListElement\":[{\"@type\":\"ListItem\",\"position\":1,\"name\":\"Home\",\"item\":\"https:\/\/creative-europe.lu\/fr\/home\/\"},{\"@type\":\"ListItem\",\"position\":2,\"name\":\"Comment postuler ?\"}]},{\"@type\":\"WebSite\",\"@id\":\"https:\/\/creative-europe.lu\/fr\/#website\",\"url\":\"https:\/\/creative-europe.lu\/fr\/\",\"name\":\"Creative Europe\",\"description\":\"\",\"publisher\":{\"@id\":\"https:\/\/creative-europe.lu\/fr\/#organization\"},\"potentialAction\":[{\"@type\":\"SearchAction\",\"target\":{\"@type\":\"EntryPoint\",\"urlTemplate\":\"https:\/\/creative-europe.lu\/fr\/?s={search_term_string}\"},\"query-input\":{\"@type\":\"PropertyValueSpecification\",\"valueRequired\":true,\"valueName\":\"search_term_string\"}}],\"inLanguage\":\"fr-FR\"},{\"@type\":\"Organization\",\"@id\":\"https:\/\/creative-europe.lu\/fr\/#organization\",\"name\":\"Creative Europe | Desk Luxembourg\",\"url\":\"https:\/\/creative-europe.lu\/fr\/\",\"logo\":{\"@type\":\"ImageObject\",\"inLanguage\":\"fr-FR\",\"@id\":\"https:\/\/creative-europe.lu\/fr\/#\/schema\/logo\/image\/\",\"url\":\"https:\/\/creative-europe.lu\/wp-content\/uploads\/2021\/12\/ce_desklux_blue_logo.png\",\"contentUrl\":\"https:\/\/creative-europe.lu\/wp-content\/uploads\/2021\/12\/ce_desklux_blue_logo.png\",\"width\":2476,\"height\":527,\"caption\":\"Creative Europe | Desk Luxembourg\"},\"image\":{\"@id\":\"https:\/\/creative-europe.lu\/fr\/#\/schema\/logo\/image\/\"}}]}<\/script>\n<!-- \/ Yoast SEO plugin. -->","yoast_head_json":{"title":"Comment postuler ? - Creative Europe","robots":{"index":"index","follow":"follow","max-snippet":"max-snippet:-1","max-image-preview":"max-image-preview:large","max-video-preview":"max-video-preview:-1"},"canonical":"https:\/\/creative-europe.lu\/fr\/creative-europe-desk-luxembourg\/comment-postuler\/","og_locale":"fr_FR","og_type":"article","og_title":"Comment postuler ? - Creative Europe","og_description":"[vc_row full_width=\u00a0\u00bbstretch_row\u00a0\u00bb gap=\u00a0\u00bb35&Prime; equal_height=\u00a0\u00bbyes\u00a0\u00bb content_placement=\u00a0\u00bbtop\u00a0\u00bb parallax=\u00a0\u00bbcontent-moving-fade\u00a0\u00bb parallax_image=\u00a0\u00bb412&Prime; el_class=\u00a0\u00bboverlay-gradient\u00a0\u00bb css=\u00a0\u00bb.vc_custom_1637242013270{padding-top: 20% !important;}\u00a0\u00bb][vc_column width=\u00a0\u00bb1\/2&Prime;][vc_column_text] Les dossiers de candidatures peuvent \u00eatre cr\u00e9\u00e9s et soumis pendant la dur\u00e9e d\u2019ouverture d\u2019un appel en ligne via le \u00ab Funding and Tenders Portal \u00bb. Nous vous recommandons toutefois de pr\u00e9parer votre candidature en amont. [\/vc_column_text][\/vc_column][vc_column width=\u00a0\u00bb1\/2&Prime;][\/vc_column][\/vc_row][vc_row][vc_column][vc_custom_heading text=\u00a0\u00bbPour soumettre votre candidature, veuillez suivre [&hellip;]","og_url":"https:\/\/creative-europe.lu\/fr\/creative-europe-desk-luxembourg\/comment-postuler\/","og_site_name":"Creative Europe","article_modified_time":"2021-12-18T00:06:17+00:00","og_image":[{"width":2476,"height":527,"url":"https:\/\/creative-europe.lu\/wp-content\/uploads\/2021\/12\/ce_desklux_blue_logo.png","type":"image\/png"}],"twitter_card":"summary_large_image","twitter_misc":{"Dur\u00e9e de lecture estim\u00e9e":"2 minutes"},"schema":{"@context":"https:\/\/schema.org","@graph":[{"@type":"WebPage","@id":"https:\/\/creative-europe.lu\/fr\/creative-europe-desk-luxembourg\/comment-postuler\/","url":"https:\/\/creative-europe.lu\/fr\/creative-europe-desk-luxembourg\/comment-postuler\/","name":"Comment postuler ? - Creative Europe","isPartOf":{"@id":"https:\/\/creative-europe.lu\/fr\/#website"},"datePublished":"2021-12-18T00:05:34+00:00","dateModified":"2021-12-18T00:06:17+00:00","breadcrumb":{"@id":"https:\/\/creative-europe.lu\/fr\/creative-europe-desk-luxembourg\/comment-postuler\/#breadcrumb"},"inLanguage":"fr-FR","potentialAction":[{"@type":"ReadAction","target":["https:\/\/creative-europe.lu\/fr\/creative-europe-desk-luxembourg\/comment-postuler\/"]}]},{"@type":"BreadcrumbList","@id":"https:\/\/creative-europe.lu\/fr\/creative-europe-desk-luxembourg\/comment-postuler\/#breadcrumb","itemListElement":[{"@type":"ListItem","position":1,"name":"Home","item":"https:\/\/creative-europe.lu\/fr\/home\/"},{"@type":"ListItem","position":2,"name":"Comment postuler ?"}]},{"@type":"WebSite","@id":"https:\/\/creative-europe.lu\/fr\/#website","url":"https:\/\/creative-europe.lu\/fr\/","name":"Creative Europe","description":"","publisher":{"@id":"https:\/\/creative-europe.lu\/fr\/#organization"},"potentialAction":[{"@type":"SearchAction","target":{"@type":"EntryPoint","urlTemplate":"https:\/\/creative-europe.lu\/fr\/?s={search_term_string}"},"query-input":{"@type":"PropertyValueSpecification","valueRequired":true,"valueName":"search_term_string"}}],"inLanguage":"fr-FR"},{"@type":"Organization","@id":"https:\/\/creative-europe.lu\/fr\/#organization","name":"Creative Europe | Desk Luxembourg","url":"https:\/\/creative-europe.lu\/fr\/","logo":{"@type":"ImageObject","inLanguage":"fr-FR","@id":"https:\/\/creative-europe.lu\/fr\/#\/schema\/logo\/image\/","url":"https:\/\/creative-europe.lu\/wp-content\/uploads\/2021\/12\/ce_desklux_blue_logo.png","contentUrl":"https:\/\/creative-europe.lu\/wp-content\/uploads\/2021\/12\/ce_desklux_blue_logo.png","width":2476,"height":527,"caption":"Creative Europe | Desk Luxembourg"},"image":{"@id":"https:\/\/creative-europe.lu\/fr\/#\/schema\/logo\/image\/"}}]}},"_links":{"self":[{"href":"https:\/\/creative-europe.lu\/fr\/wp-json\/wp\/v2\/pages\/1225","targetHints":{"allow":["GET"]}}],"collection":[{"href":"https:\/\/creative-europe.lu\/fr\/wp-json\/wp\/v2\/pages"}],"about":[{"href":"https:\/\/creative-europe.lu\/fr\/wp-json\/wp\/v2\/types\/page"}],"author":[{"embeddable":true,"href":"https:\/\/creative-europe.lu\/fr\/wp-json\/wp\/v2\/users\/1"}],"replies":[{"embeddable":true,"href":"https:\/\/creative-europe.lu\/fr\/wp-json\/wp\/v2\/comments?post=1225"}],"version-history":[{"count":14,"href":"https:\/\/creative-europe.lu\/fr\/wp-json\/wp\/v2\/pages\/1225\/revisions"}],"predecessor-version":[{"id":1239,"href":"https:\/\/creative-europe.lu\/fr\/wp-json\/wp\/v2\/pages\/1225\/revisions\/1239"}],"up":[{"embeddable":true,"href":"https:\/\/creative-europe.lu\/fr\/wp-json\/wp\/v2\/pages\/1240"}],"wp:attachment":[{"href":"https:\/\/creative-europe.lu\/fr\/wp-json\/wp\/v2\/media?parent=1225"}],"curies":[{"name":"wp","href":"https:\/\/api.w.org\/{rel}","templated":true}]}}