{"id":1218,"date":"2021-12-17T23:58:09","date_gmt":"2021-12-17T23:58:09","guid":{"rendered":"https:\/\/creative-europe.lu\/liens-utiles\/"},"modified":"2022-02-28T12:31:50","modified_gmt":"2022-02-28T11:31:50","slug":"liens-utiles","status":"publish","type":"page","link":"https:\/\/creative-europe.lu\/fr\/creative-europe-desk-luxembourg\/liens-utiles\/","title":{"rendered":"Liens utiles"},"content":{"rendered":"<div class=\"wpb-content-wrapper\"><p>[vc_row full_width=\u00a0\u00bbstretch_row\u00a0\u00bb gap=\u00a0\u00bb35&Prime; equal_height=\u00a0\u00bbyes\u00a0\u00bb content_placement=\u00a0\u00bbtop\u00a0\u00bb parallax=\u00a0\u00bbcontent-moving-fade\u00a0\u00bb parallax_image=\u00a0\u00bb412&Prime; el_class=\u00a0\u00bboverlay-gradient\u00a0\u00bb css=\u00a0\u00bb.vc_custom_1637242013270{padding-top: 20% !important;}\u00a0\u00bb][vc_column width=\u00a0\u00bb1\/2&Prime;][vc_column_text]<\/p>\n<h2>Liens utiles<\/h2>\n<p>[\/vc_column_text][\/vc_column][vc_column width=\u00a0\u00bb1\/2&Prime;][\/vc_column][\/vc_row][vc_row][vc_column][vc_custom_heading text=\u00a0\u00bbListe des pays participant au programme :\u00a0\u00bb font_container=\u00a0\u00bbtag:h3|text_align:left\u00a0\u00bb use_theme_fonts=\u00a0\u00bbyes\u00a0\u00bb][\/vc_column][\/vc_row][vc_row gap=\u00a0\u00bb35&Prime; equal_height=\u00a0\u00bbyes\u00a0\u00bb content_placement=\u00a0\u00bbtop\u00a0\u00bb css=\u00a0\u00bb.vc_custom_1637265964752{padding-bottom: 3% !important;}\u00a0\u00bb][vc_column width=\u00a0\u00bb2\/3&Prime;][vc_column_text]<strong>EU 27<\/strong><\/p>\n<p><span style=\"text-decoration: underline;\">AELE :<\/span><\/p>\n<ul>\n<li><strong>Islande<\/strong><\/li>\n<li><strong>Liechtenstein<\/strong><\/li>\n<li><strong>Norv\u00e8ge<\/strong><\/li>\n<\/ul>\n<p><span style=\"text-decoration: underline;\">Pays adh\u00e9rents, pays candidats et candidats potentiels :<\/span><\/p>\n<ul>\n<li><strong>Albanie<\/strong><\/li>\n<li><strong>Kosovo<\/strong> (Culture strand &amp; Creative Europe desks)<\/li>\n<li><strong>Mont\u00e9n\u00e9gro<\/strong><\/li>\n<li><b>Mac\u00e9doine du Nord<\/b><\/li>\n<li><strong>Serbie<\/strong><\/li>\n<\/ul>\n<p><span style=\"text-decoration: underline;\">Pays couverts par la politique de voisinage :<\/span><\/p>\n<ul>\n<li><b>G\u00e9orgie <\/b>(Culture &amp; Cross-sectoral strands; MEDIA: only \u00ab\u00a0Talent &amp; Skills\u00a0\u00bb, \u00ab\u00a0European Festivals and Festival networks\u00a0\u00bb, \u00ab\u00a0Audience development and Film education\u00a0\u00bb)<\/li>\n<li><strong>Ukraine<\/strong> (Culture &amp; Cross-sectoral strands; MEDIA: only \u00ab\u00a0Talent &amp; Skills\u00a0\u00bb, \u00ab\u00a0European Festivals and Festival networks\u00a0\u00bb, \u00ab\u00a0Audience development and Film education\u00a0\u00bb)<\/li>\n<\/ul>\n<p>[\/vc_column_text][vc_separator][vc_column_text]<span style=\"text-decoration: underline;\">Pays adh\u00e9rents, pays candidats et candidats potentiels :<\/span><\/p>\n<ul>\n<li><strong>Bosnie-Herz\u00e9govine <\/strong>(started negotiations)<\/li>\n<li><b>Turquie <\/b>(started negotiations, Culture strand &amp; Creative Europe desks)<\/li>\n<\/ul>\n<p><span style=\"text-decoration: underline;\">Pays couverts par la politique de voisinage :<\/span><\/p>\n<ul>\n<li><b>Arm\u00e9nie <\/b>(started negotiations, for Culture Strand &amp; Creative Europe desks)<\/li>\n<li><strong>Azerba\u00efdjan<\/strong> (has shown interest in joining)<\/li>\n<li><strong>Isra\u00ebl<\/strong> (started negotiations, for Culture Strand &amp; Creative Europe desks)<\/li>\n<li><strong>Jordanie<\/strong> (has shown interest in joining)<\/li>\n<li><strong>Palestine<\/strong>\u00a0(started negotiations, for Culture Strand &amp; Creative Europe desks)<\/li>\n<li><strong>Tunisie<\/strong>\u00a0(started negotiations, Culture &amp; Cross-sectoral strands; MEDIA: only \u00ab\u00a0Talent &amp; Skills\u00a0\u00bb, \u00ab\u00a0European Festivals and Festival networks\u00a0\u00bb, \u00ab\u00a0Audience development and Film education\u00a0\u00bb)<\/li>\n<\/ul>\n<p>[\/vc_column_text][vc_separator][\/vc_column][vc_column width=\u00a0\u00bb1\/3&Prime;][vc_column_text]La liste des pays non-UE participant au programme est r\u00e9guli\u00e8rement mise \u00e0 jour et accessible sous <a href=\"https:\/\/ec.europa.eu\/info\/funding-tenders\/opportunities\/docs\/2021-2027\/crea\/guidance\/list-3rd-country-participation_crea_en.pdf\">ce lien<\/a>.[\/vc_column_text][vc_column_text]Liste et <a href=\"https:\/\/ec.europa.eu\/culture\/resources\/creative-europe-desks\"><strong>contacts des Creative Europe Desks<\/strong><\/a> dans tous les pays participant au programme[\/vc_column_text][\/vc_column][\/vc_row][vc_row css=\u00a0\u00bb.vc_custom_1637265816298{padding-bottom: 10% !important;}\u00a0\u00bb][vc_column width=\u00a0\u00bb1\/3&Prime;][vc_column_text]Dans la <a href=\"https:\/\/ec.europa.eu\/programmes\/creative-europe\/projects\/\"><strong>base de donn\u00e9es des projets soutenus par Creative Europe<\/strong><\/a>, vous pouvez naviguer \u00e0 travers les diff\u00e9rents projets co-financ\u00e9s.[\/vc_column_text][\/vc_column][vc_column width=\u00a0\u00bb1\/3&Prime;][\/vc_column][vc_column width=\u00a0\u00bb1\/3&Prime;][\/vc_column][\/vc_row][vc_row css=\u00a0\u00bb.vc_custom_1637265816298{padding-bottom: 10% !important;}\u00a0\u00bb][vc_column][vc_separator][vc_column_text]<strong><a href=\"https:\/\/ec.europa.eu\/culture\/discover-funding-opportunities-for-the-cultural-and-creative-sectors\" target=\"_blank\" rel=\"noopener\">CulturEU<\/a><\/strong> is the online interactive guide mapping all funding opportunities available at EU level for the cultural and creative sectors, gathering a total of 75 funding opportunities from 21 different EU progammes.<\/p>\n<p><strong>Autres programmes europ\u00e9ens<\/strong> qui peuvent \u00eatre pertinents pour les acteurs des secteurs de la culture et de la cr\u00e9ativit\u00e9 et points de contact au Luxembourg :[\/vc_column_text][vc_row_inner gap=\u00a0\u00bb35&Prime;][vc_column_inner el_class=\u00a0\u00bbuseful-box\u00a0\u00bb width=\u00a0\u00bb1\/4&Prime;][vc_column_text]<strong>COSME, programme europ\u00e9en pour les PME<\/strong><\/p>\n<p>Laurent Solazzi, Conseiller de direction, Minist\u00e8re de l&rsquo;\u00c9conomie<br \/>\nDirection g\u00e9n\u00e9rale \u2013 PME et Entrepreneuriat<\/p>\n<p>T\u00e9l.: (+352) 247-84168<\/p>\n<p>Courriel: <a href=\"&#x6d;&#x61;&#x69;&#x6c;&#x74;&#x6f;&#x3a;&#x6c;&#x61;&#x75;&#x72;&#101;&#110;&#116;&#46;&#115;&#111;&#108;azzi&#64;e&#x63;&#x6f;&#x2e;&#x65;&#x74;&#x61;&#x74;&#x2e;&#x6c;&#x75;\">laurent&#46;sola&#122;&#122;&#105;&#64;&#101;&#99;&#111;&#46;&#101;&#116;&#97;&#116;&#46;&#108;&#117;<\/a>[\/vc_column_text][\/vc_column_inner][vc_column_inner el_class=\u00a0\u00bbuseful-box\u00a0\u00bb width=\u00a0\u00bb1\/4&Prime;][vc_column_text]<strong>Erasmus+, programme de la Commission europ\u00e9enne pour l\u2019\u00e9ducation la formation, la jeunesse et le sport<\/strong><\/p>\n<p>Anefore<\/p>\n<p>T\u00e9l.: (+352) 247-85284<\/p>\n<p>Courriel: <a href=\"&#109;&#x61;&#x69;&#108;&#x74;&#x6f;:&#x69;&#x6e;f&#111;&#x40;a&#110;&#x65;f&#111;&#x72;e&#46;&#x6c;u\">&#105;&#x6e;f&#111;&#x40;a&#110;&#x65;f&#111;&#x72;e&#46;&#x6c;&#117;<\/a><\/p>\n<p><a href=\"http:\/\/www.anefore.lu\">www.anefore.lu<\/a>[\/vc_column_text][\/vc_column_inner][vc_column_inner el_class=\u00a0\u00bbuseful-box\u00a0\u00bb width=\u00a0\u00bb1\/4&Prime;][vc_column_text]<strong>Programmes FEDER, Fonds europ\u00e9en de d\u00e9veloppement r\u00e9gional<\/strong><\/p>\n<p>Minist\u00e8re de l\u2019\u00c9conomie &#8211; Direction de la Politique r\u00e9gionale<\/p>\n<p>T\u00e9l.: (+352) 247-88424<\/p>\n<p>Courriel : <a href=\"&#x6d;&#x61;&#105;&#108;to&#x3a;&#x66;&#x65;&#100;er&#x40;&#x65;&#x63;&#111;&#46;e&#x74;&#x61;&#x74;&#46;&#108;u\">&#x66;&#x65;&#x64;&#x65;&#x72;&#x40;&#x65;&#x63;&#x6f;&#x2e;&#x65;&#116;&#97;&#116;&#46;&#108;&#117;<\/a><\/p>\n<p><a href=\"https:\/\/fonds-europeens.public.lu\/fr\/fonds-europeens\/feder.html\">https:\/\/fonds-europeens.public.lu\/fr\/fonds-europeens\/feder.html<\/a>[\/vc_column_text][\/vc_column_inner][vc_column_inner el_class=\u00a0\u00bbuseful-box\u00a0\u00bb width=\u00a0\u00bb1\/4&Prime;][vc_column_text]<strong>Europe pour les citoyens, faisant partie du programme Citoyens, \u00c9galit\u00e9, Droits et Valeurs (CERV) de la Commission europ\u00e9enne<\/strong><\/p>\n<p>Philippe Ternes, Zentrum fir politesch Bildung<\/p>\n<p>T\u00e9l.: (+352) 691 106 906<\/p>\n<p>Courriel : &#112;&#x2e;&#x74;e&#114;&#x6e;e&#115;&#x40;&#x67;e&#110;&#x65;r&#97;&#x2e;&#x77;o&#114;&#x6c;d[\/vc_column_text][\/vc_column_inner][\/vc_row_inner][vc_row_inner gap=\u00a0\u00bb35&Prime;][vc_column_inner el_class=\u00a0\u00bbuseful-box\u00a0\u00bb width=\u00a0\u00bb1\/4&Prime;][vc_column_text]<strong>Programmes FSE, Fonds social europ\u00e9en<\/strong><\/p>\n<p>Minist\u00e8re du Travail, de l\u2019Emploi et de l\u2019Economie sociale et solidaire<\/p>\n<p>T\u00e9l.: (+352) 247-86187<\/p>\n<p>Courriel : <a href=\"&#x6d;&#97;i&#x6c;&#x74;&#111;:&#x73;&#x65;&#99;r&#x65;&#116;a&#x72;&#x69;&#97;t&#x2e;&#x66;&#115;e&#x40;&#109;&#116;&#x2e;&#x70;&#117;b&#x6c;&#x69;&#99;&#46;&#x6c;&#117;\">&#x73;&#101;&#x63;&#x72;&#101;&#x74;&#x61;&#114;&#x69;&#x61;&#116;&#x2e;&#x66;s&#x65;&#x40;m&#x74;&#46;p&#x75;&#98;l&#x69;&#99;&#46;&#x6c;&#117;<\/a><\/p>\n<p><a href=\"https:\/\/fonds-europeens.public.lu\/fr\/fonds-europeens\/fse.html\">https:\/\/fonds-europeens.public.lu\/fr\/fonds-europeens\/fse.html<\/a>[\/vc_column_text][\/vc_column_inner][vc_column_inner el_class=\u00a0\u00bbuseful-box\u00a0\u00bb width=\u00a0\u00bb1\/4&Prime;][vc_column_text]<strong>Horizon Europe, programme europ\u00e9en de recherche et de d\u00e9veloppement<\/strong><\/p>\n<p>Luxinnovation<\/p>\n<p>T\u00e9l.: (+352) 43 62 63 \u2013 679 \/ (+352) 43 62 63 \u2013 657<\/p>\n<p>Courriel : <a href=\"mailto:Stefano&#46;pozzimuce&#108;&#108;&#105;&#64;&#108;&#117;&#120;&#105;&#110;&#110;&#111;&#118;&#97;&#116;&#105;&#111;&#110;&#46;&#108;&#117;\">Stef&#97;&#110;&#111;&#46;&#112;&#x6f;&#x7a;&#x7a;&#x69;&#x6d;&#x75;&#x63;elli&#64;&#108;&#117;&#120;&#105;&#x6e;&#x6e;&#x6f;&#x76;&#x61;&#x74;&#x69;&#x6f;n&#46;lu<\/a> \/ <a href=\"&#x6d;&#x61;&#x69;&#x6c;&#x74;&#x6f;&#x3a;&#x52;&#x65;&#x62;&#x65;&#x63;&#x63;&#x61;&#46;&#100;&#97;&#109;&#111;&#116;&#116;&#101;&#64;&#108;&#117;xinnovat&#x69;&#x6f;&#x6e;&#x2e;&#x6c;&#x75;\">Reb&#101;&#99;&#99;&#x61;&#x2e;&#x64;&#x61;&#x6d;&#x6f;tte&#64;&#108;&#117;&#120;&#x69;&#x6e;&#x6e;&#x6f;&#x76;&#x61;tio&#110;&#46;&#108;&#x75;<\/a><\/p>\n<p><a href=\"https:\/\/www.luxinnovation.lu\/innovate-in-luxembourg\/funding\/horizon-europe-luxembourg\/\">https:\/\/www.luxinnovation.lu\/innovate-in-luxembourg\/funding\/horizon-europe-luxembourg\/<\/a>[\/vc_column_text][\/vc_column_inner][vc_column_inner el_class=\u00a0\u00bbuseful-box\u00a0\u00bb width=\u00a0\u00bb1\/4&Prime;][vc_column_text]<strong>Interreg Nord-Ouest Europe &amp; Europe, programmes europ\u00e9ens pour stimuler la coop\u00e9ration entre r\u00e9gions<\/strong><\/p>\n<p>Nicole Skirde-Vural<br \/>\nMinist\u00e8re de l\u2019\u00c9nergie et de l\u2019Am\u00e9nagement du territoire<\/p>\n<p>T\u00e9l.: (+352) 247 86930<\/p>\n<p>Courriel : <a href=\"&#x6d;&#97;&#x69;&#x6c;&#116;&#x6f;&#58;C&#x70;&#73;n&#x74;&#101;r&#x72;&#101;g&#x2e;&#69;&#x75;&#x72;&#111;&#x70;&#x65;&#78;&#x77;&#101;&#64;&#x6d;&#97;t&#x2e;&#101;t&#x61;&#116;&#46;&#x6c;&#117;\">&#67;&#x70;I&#110;&#x74;e&#114;&#x72;e&#103;&#x2e;E&#117;&#x72;&#111;&#x70;&#x65;&#78;&#x77;&#x65;&#64;&#x6d;a&#116;&#x2e;e&#116;&#x61;t&#46;&#x6c;u<\/a>[\/vc_column_text][\/vc_column_inner][vc_column_inner el_class=\u00a0\u00bbuseful-box\u00a0\u00bb width=\u00a0\u00bb1\/4&Prime;][vc_column_text]<strong>Interreg Grande R\u00e9gion, programme europ\u00e9en pour stimuler la cooperation en Grande R\u00e9gion<\/strong><\/p>\n<p>Estelle Badie<\/p>\n<p>Minist\u00e8re de l\u2019\u00c9nergie et de l\u2019Am\u00e9nagement du territoire<\/p>\n<p>T\u00e9l.: (+ 352) 247 8 69 44<\/p>\n<p>Courriel : <a href=\"m&#97;&#x69;&#x6c;&#x74;o&#58;&#99;&#x70;&#x69;n&#116;&#101;&#x72;&#x72;eg&#46;&#x67;&#x72;&#x40;m&#97;&#x74;&#x2e;&#x65;t&#97;&#116;&#x2e;&#x6c;u\">&#x63;&#112;&#x69;&#x6e;&#116;&#x65;&#114;r&#x65;&#103;&#46;&#x67;&#114;&#64;&#x6d;&#97;t&#x2e;&#101;&#x74;&#x61;&#116;&#x2e;&#x6c;&#117;<\/a>[\/vc_column_text][\/vc_column_inner][\/vc_row_inner][\/vc_column][\/vc_row]<\/p>\n<\/div>","protected":false},"excerpt":{"rendered":"<p>[vc_row full_width=\u00a0\u00bbstretch_row\u00a0\u00bb gap=\u00a0\u00bb35&Prime; equal_height=\u00a0\u00bbyes\u00a0\u00bb content_placement=\u00a0\u00bbtop\u00a0\u00bb parallax=\u00a0\u00bbcontent-moving-fade\u00a0\u00bb parallax_image=\u00a0\u00bb412&Prime; el_class=\u00a0\u00bboverlay-gradient\u00a0\u00bb css=\u00a0\u00bb.vc_custom_1637242013270{padding-top: 20% !important;}\u00a0\u00bb][vc_column width=\u00a0\u00bb1\/2&Prime;][vc_column_text] Liens utiles [\/vc_column_text][\/vc_column][vc_column width=\u00a0\u00bb1\/2&Prime;][\/vc_column][\/vc_row][vc_row][vc_column][vc_custom_heading text=\u00a0\u00bbListe des pays participant au programme :\u00a0\u00bb font_container=\u00a0\u00bbtag:h3|text_align:left\u00a0\u00bb use_theme_fonts=\u00a0\u00bbyes\u00a0\u00bb][\/vc_column][\/vc_row][vc_row gap=\u00a0\u00bb35&Prime; equal_height=\u00a0\u00bbyes\u00a0\u00bb content_placement=\u00a0\u00bbtop\u00a0\u00bb css=\u00a0\u00bb.vc_custom_1637265964752{padding-bottom: 3% !important;}\u00a0\u00bb][vc_column width=\u00a0\u00bb2\/3&Prime;][vc_column_text]EU 27 AELE : Islande Liechtenstein Norv\u00e8ge Pays adh\u00e9rents, pays candidats et candidats potentiels : Albanie Kosovo (Culture strand &amp; Creative Europe desks) Mont\u00e9n\u00e9gro [&hellip;]<\/p>\n","protected":false},"author":1,"featured_media":0,"parent":1240,"menu_order":0,"comment_status":"closed","ping_status":"closed","template":"","meta":{"_acf_changed":false,"inline_featured_image":false,"footnotes":""},"class_list":["post-1218","page","type-page","status-publish","hentry"],"acf":[],"yoast_head":"<!-- This site is optimized with the Yoast SEO plugin v27.3 - https:\/\/yoast.com\/product\/yoast-seo-wordpress\/ -->\n<title>Liens utiles - Creative Europe<\/title>\n<meta name=\"robots\" content=\"index, follow, max-snippet:-1, max-image-preview:large, max-video-preview:-1\" \/>\n<link rel=\"canonical\" href=\"https:\/\/creative-europe.lu\/fr\/creative-europe-desk-luxembourg\/liens-utiles\/\" \/>\n<meta property=\"og:locale\" content=\"fr_FR\" \/>\n<meta property=\"og:type\" content=\"article\" \/>\n<meta property=\"og:title\" content=\"Liens utiles - Creative Europe\" \/>\n<meta property=\"og:description\" content=\"[vc_row full_width=\u00a0\u00bbstretch_row\u00a0\u00bb gap=\u00a0\u00bb35&Prime; equal_height=\u00a0\u00bbyes\u00a0\u00bb content_placement=\u00a0\u00bbtop\u00a0\u00bb parallax=\u00a0\u00bbcontent-moving-fade\u00a0\u00bb parallax_image=\u00a0\u00bb412&Prime; el_class=\u00a0\u00bboverlay-gradient\u00a0\u00bb css=\u00a0\u00bb.vc_custom_1637242013270{padding-top: 20% !important;}\u00a0\u00bb][vc_column width=\u00a0\u00bb1\/2&Prime;][vc_column_text] Liens utiles [\/vc_column_text][\/vc_column][vc_column width=\u00a0\u00bb1\/2&Prime;][\/vc_column][\/vc_row][vc_row][vc_column][vc_custom_heading text=\u00a0\u00bbListe des pays participant au programme :\u00a0\u00bb font_container=\u00a0\u00bbtag:h3|text_align:left\u00a0\u00bb use_theme_fonts=\u00a0\u00bbyes\u00a0\u00bb][\/vc_column][\/vc_row][vc_row gap=\u00a0\u00bb35&Prime; equal_height=\u00a0\u00bbyes\u00a0\u00bb content_placement=\u00a0\u00bbtop\u00a0\u00bb css=\u00a0\u00bb.vc_custom_1637265964752{padding-bottom: 3% !important;}\u00a0\u00bb][vc_column width=\u00a0\u00bb2\/3&Prime;][vc_column_text]EU 27 AELE : Islande Liechtenstein Norv\u00e8ge Pays adh\u00e9rents, pays candidats et candidats potentiels : Albanie Kosovo (Culture strand &amp; Creative Europe desks) Mont\u00e9n\u00e9gro [&hellip;]\" \/>\n<meta property=\"og:url\" content=\"https:\/\/creative-europe.lu\/fr\/creative-europe-desk-luxembourg\/liens-utiles\/\" \/>\n<meta property=\"og:site_name\" content=\"Creative Europe\" \/>\n<meta property=\"article:modified_time\" content=\"2022-02-28T11:31:50+00:00\" \/>\n<meta property=\"og:image\" content=\"https:\/\/creative-europe.lu\/wp-content\/uploads\/2021\/12\/ce_desklux_blue_logo.png\" \/>\n\t<meta property=\"og:image:width\" content=\"2476\" \/>\n\t<meta property=\"og:image:height\" content=\"527\" \/>\n\t<meta property=\"og:image:type\" content=\"image\/png\" \/>\n<meta name=\"twitter:card\" content=\"summary_large_image\" \/>\n<meta name=\"twitter:label1\" content=\"Dur\u00e9e de lecture estim\u00e9e\" \/>\n\t<meta name=\"twitter:data1\" content=\"3 minutes\" \/>\n<script type=\"application\/ld+json\" class=\"yoast-schema-graph\">{\"@context\":\"https:\\\/\\\/schema.org\",\"@graph\":[{\"@type\":\"WebPage\",\"@id\":\"https:\\\/\\\/creative-europe.lu\\\/fr\\\/creative-europe-desk-luxembourg\\\/liens-utiles\\\/\",\"url\":\"https:\\\/\\\/creative-europe.lu\\\/fr\\\/creative-europe-desk-luxembourg\\\/liens-utiles\\\/\",\"name\":\"Liens utiles - Creative Europe\",\"isPartOf\":{\"@id\":\"https:\\\/\\\/creative-europe.lu\\\/fr\\\/#website\"},\"datePublished\":\"2021-12-17T23:58:09+00:00\",\"dateModified\":\"2022-02-28T11:31:50+00:00\",\"breadcrumb\":{\"@id\":\"https:\\\/\\\/creative-europe.lu\\\/fr\\\/creative-europe-desk-luxembourg\\\/liens-utiles\\\/#breadcrumb\"},\"inLanguage\":\"fr-FR\",\"potentialAction\":[{\"@type\":\"ReadAction\",\"target\":[\"https:\\\/\\\/creative-europe.lu\\\/fr\\\/creative-europe-desk-luxembourg\\\/liens-utiles\\\/\"]}]},{\"@type\":\"BreadcrumbList\",\"@id\":\"https:\\\/\\\/creative-europe.lu\\\/fr\\\/creative-europe-desk-luxembourg\\\/liens-utiles\\\/#breadcrumb\",\"itemListElement\":[{\"@type\":\"ListItem\",\"position\":1,\"name\":\"Home\",\"item\":\"https:\\\/\\\/creative-europe.lu\\\/fr\\\/home\\\/\"},{\"@type\":\"ListItem\",\"position\":2,\"name\":\"CREATIVE EUROPE DESK LUXEMBOURG\",\"item\":\"https:\\\/\\\/creative-europe.lu\\\/fr\\\/creative-europe-desk-luxembourg\\\/\"},{\"@type\":\"ListItem\",\"position\":3,\"name\":\"Liens utiles\"}]},{\"@type\":\"WebSite\",\"@id\":\"https:\\\/\\\/creative-europe.lu\\\/fr\\\/#website\",\"url\":\"https:\\\/\\\/creative-europe.lu\\\/fr\\\/\",\"name\":\"Creative Europe\",\"description\":\"\",\"publisher\":{\"@id\":\"https:\\\/\\\/creative-europe.lu\\\/fr\\\/#organization\"},\"potentialAction\":[{\"@type\":\"SearchAction\",\"target\":{\"@type\":\"EntryPoint\",\"urlTemplate\":\"https:\\\/\\\/creative-europe.lu\\\/fr\\\/?s={search_term_string}\"},\"query-input\":{\"@type\":\"PropertyValueSpecification\",\"valueRequired\":true,\"valueName\":\"search_term_string\"}}],\"inLanguage\":\"fr-FR\"},{\"@type\":\"Organization\",\"@id\":\"https:\\\/\\\/creative-europe.lu\\\/fr\\\/#organization\",\"name\":\"Creative Europe | Desk Luxembourg\",\"url\":\"https:\\\/\\\/creative-europe.lu\\\/fr\\\/\",\"logo\":{\"@type\":\"ImageObject\",\"inLanguage\":\"fr-FR\",\"@id\":\"https:\\\/\\\/creative-europe.lu\\\/fr\\\/#\\\/schema\\\/logo\\\/image\\\/\",\"url\":\"https:\\\/\\\/creative-europe.lu\\\/wp-content\\\/uploads\\\/2021\\\/12\\\/ce_desklux_blue_logo.png\",\"contentUrl\":\"https:\\\/\\\/creative-europe.lu\\\/wp-content\\\/uploads\\\/2021\\\/12\\\/ce_desklux_blue_logo.png\",\"width\":2476,\"height\":527,\"caption\":\"Creative Europe | Desk Luxembourg\"},\"image\":{\"@id\":\"https:\\\/\\\/creative-europe.lu\\\/fr\\\/#\\\/schema\\\/logo\\\/image\\\/\"}}]}<\/script>\n<!-- \/ Yoast SEO plugin. -->","yoast_head_json":{"title":"Liens utiles - Creative Europe","robots":{"index":"index","follow":"follow","max-snippet":"max-snippet:-1","max-image-preview":"max-image-preview:large","max-video-preview":"max-video-preview:-1"},"canonical":"https:\/\/creative-europe.lu\/fr\/creative-europe-desk-luxembourg\/liens-utiles\/","og_locale":"fr_FR","og_type":"article","og_title":"Liens utiles - Creative Europe","og_description":"[vc_row full_width=\u00a0\u00bbstretch_row\u00a0\u00bb gap=\u00a0\u00bb35&Prime; equal_height=\u00a0\u00bbyes\u00a0\u00bb content_placement=\u00a0\u00bbtop\u00a0\u00bb parallax=\u00a0\u00bbcontent-moving-fade\u00a0\u00bb parallax_image=\u00a0\u00bb412&Prime; el_class=\u00a0\u00bboverlay-gradient\u00a0\u00bb css=\u00a0\u00bb.vc_custom_1637242013270{padding-top: 20% !important;}\u00a0\u00bb][vc_column width=\u00a0\u00bb1\/2&Prime;][vc_column_text] Liens utiles [\/vc_column_text][\/vc_column][vc_column width=\u00a0\u00bb1\/2&Prime;][\/vc_column][\/vc_row][vc_row][vc_column][vc_custom_heading text=\u00a0\u00bbListe des pays participant au programme :\u00a0\u00bb font_container=\u00a0\u00bbtag:h3|text_align:left\u00a0\u00bb use_theme_fonts=\u00a0\u00bbyes\u00a0\u00bb][\/vc_column][\/vc_row][vc_row gap=\u00a0\u00bb35&Prime; equal_height=\u00a0\u00bbyes\u00a0\u00bb content_placement=\u00a0\u00bbtop\u00a0\u00bb css=\u00a0\u00bb.vc_custom_1637265964752{padding-bottom: 3% !important;}\u00a0\u00bb][vc_column width=\u00a0\u00bb2\/3&Prime;][vc_column_text]EU 27 AELE : Islande Liechtenstein Norv\u00e8ge Pays adh\u00e9rents, pays candidats et candidats potentiels : Albanie Kosovo (Culture strand &amp; Creative Europe desks) Mont\u00e9n\u00e9gro [&hellip;]","og_url":"https:\/\/creative-europe.lu\/fr\/creative-europe-desk-luxembourg\/liens-utiles\/","og_site_name":"Creative Europe","article_modified_time":"2022-02-28T11:31:50+00:00","og_image":[{"width":2476,"height":527,"url":"https:\/\/creative-europe.lu\/wp-content\/uploads\/2021\/12\/ce_desklux_blue_logo.png","type":"image\/png"}],"twitter_card":"summary_large_image","twitter_misc":{"Dur\u00e9e de lecture estim\u00e9e":"3 minutes"},"schema":{"@context":"https:\/\/schema.org","@graph":[{"@type":"WebPage","@id":"https:\/\/creative-europe.lu\/fr\/creative-europe-desk-luxembourg\/liens-utiles\/","url":"https:\/\/creative-europe.lu\/fr\/creative-europe-desk-luxembourg\/liens-utiles\/","name":"Liens utiles - Creative Europe","isPartOf":{"@id":"https:\/\/creative-europe.lu\/fr\/#website"},"datePublished":"2021-12-17T23:58:09+00:00","dateModified":"2022-02-28T11:31:50+00:00","breadcrumb":{"@id":"https:\/\/creative-europe.lu\/fr\/creative-europe-desk-luxembourg\/liens-utiles\/#breadcrumb"},"inLanguage":"fr-FR","potentialAction":[{"@type":"ReadAction","target":["https:\/\/creative-europe.lu\/fr\/creative-europe-desk-luxembourg\/liens-utiles\/"]}]},{"@type":"BreadcrumbList","@id":"https:\/\/creative-europe.lu\/fr\/creative-europe-desk-luxembourg\/liens-utiles\/#breadcrumb","itemListElement":[{"@type":"ListItem","position":1,"name":"Home","item":"https:\/\/creative-europe.lu\/fr\/home\/"},{"@type":"ListItem","position":2,"name":"CREATIVE EUROPE DESK LUXEMBOURG","item":"https:\/\/creative-europe.lu\/fr\/creative-europe-desk-luxembourg\/"},{"@type":"ListItem","position":3,"name":"Liens utiles"}]},{"@type":"WebSite","@id":"https:\/\/creative-europe.lu\/fr\/#website","url":"https:\/\/creative-europe.lu\/fr\/","name":"Creative Europe","description":"","publisher":{"@id":"https:\/\/creative-europe.lu\/fr\/#organization"},"potentialAction":[{"@type":"SearchAction","target":{"@type":"EntryPoint","urlTemplate":"https:\/\/creative-europe.lu\/fr\/?s={search_term_string}"},"query-input":{"@type":"PropertyValueSpecification","valueRequired":true,"valueName":"search_term_string"}}],"inLanguage":"fr-FR"},{"@type":"Organization","@id":"https:\/\/creative-europe.lu\/fr\/#organization","name":"Creative Europe | Desk Luxembourg","url":"https:\/\/creative-europe.lu\/fr\/","logo":{"@type":"ImageObject","inLanguage":"fr-FR","@id":"https:\/\/creative-europe.lu\/fr\/#\/schema\/logo\/image\/","url":"https:\/\/creative-europe.lu\/wp-content\/uploads\/2021\/12\/ce_desklux_blue_logo.png","contentUrl":"https:\/\/creative-europe.lu\/wp-content\/uploads\/2021\/12\/ce_desklux_blue_logo.png","width":2476,"height":527,"caption":"Creative Europe | Desk Luxembourg"},"image":{"@id":"https:\/\/creative-europe.lu\/fr\/#\/schema\/logo\/image\/"}}]}},"_links":{"self":[{"href":"https:\/\/creative-europe.lu\/fr\/wp-json\/wp\/v2\/pages\/1218","targetHints":{"allow":["GET"]}}],"collection":[{"href":"https:\/\/creative-europe.lu\/fr\/wp-json\/wp\/v2\/pages"}],"about":[{"href":"https:\/\/creative-europe.lu\/fr\/wp-json\/wp\/v2\/types\/page"}],"author":[{"embeddable":true,"href":"https:\/\/creative-europe.lu\/fr\/wp-json\/wp\/v2\/users\/1"}],"replies":[{"embeddable":true,"href":"https:\/\/creative-europe.lu\/fr\/wp-json\/wp\/v2\/comments?post=1218"}],"version-history":[{"count":7,"href":"https:\/\/creative-europe.lu\/fr\/wp-json\/wp\/v2\/pages\/1218\/revisions"}],"predecessor-version":[{"id":2909,"href":"https:\/\/creative-europe.lu\/fr\/wp-json\/wp\/v2\/pages\/1218\/revisions\/2909"}],"up":[{"embeddable":true,"href":"https:\/\/creative-europe.lu\/fr\/wp-json\/wp\/v2\/pages\/1240"}],"wp:attachment":[{"href":"https:\/\/creative-europe.lu\/fr\/wp-json\/wp\/v2\/media?parent=1218"}],"curies":[{"name":"wp","href":"https:\/\/api.w.org\/{rel}","templated":true}]}}