{"id":1185,"date":"2021-12-16T00:19:34","date_gmt":"2021-12-15T23:19:34","guid":{"rendered":"https:\/\/creative-europe.lu\/about\/"},"modified":"2023-12-20T15:19:10","modified_gmt":"2023-12-20T14:19:10","slug":"about","status":"publish","type":"page","link":"https:\/\/creative-europe.lu\/fr\/about\/","title":{"rendered":"About"},"content":{"rendered":"<div class=\"wpb-content-wrapper\"><p>[vc_row full_width=\u00a0\u00bbstretch_row\u00a0\u00bb content_placement=\u00a0\u00bbmiddle\u00a0\u00bb parallax=\u00a0\u00bbcontent-moving-fade\u00a0\u00bb parallax_image=\u00a0\u00bb37&Prime; el_class=\u00a0\u00bboverlay-gradient\u00a0\u00bb css=\u00a0\u00bb.vc_custom_1636106821842{padding-top: 20% !important;}\u00a0\u00bb][vc_column width=\u00a0\u00bb2\/3&Prime;][vc_custom_heading text=\u00a0\u00bbAbout\u00a0\u00bb font_container=\u00a0\u00bbtag:h4|text_align:left\u00a0\u00bb google_fonts=\u00a0\u00bbfont_family:Roboto%3A100%2C100italic%2C300%2C300italic%2Cregular%2Citalic%2C500%2C500italic%2C700%2C700italic%2C900%2C900italic|font_style:100%20light%20regular%3A100%3Anormal\u00a0\u00bb][vc_column_text css=\u00a0\u00bb.vc_custom_1703063338906{margin-top: 0px !important;padding-top: 0px !important;}\u00a0\u00bb el_class=\u00a0\u00bbheader-intro-text\u00a0\u00bb]<\/p>\n<h2>Creative Europe est le programme cadre de la Commission europ\u00e9enne pour le soutien aux secteurs culturels et cr\u00e9atifs<\/h2>\n<p>[\/vc_column_text][\/vc_column][vc_column width=\u00a0\u00bb1\/3&Prime;][\/vc_column][\/vc_row][vc_row gap=\u00a0\u00bb35&Prime; css=\u00a0\u00bb.vc_custom_1635947930883{padding-bottom: 5% !important;}\u00a0\u00bb][vc_column width=\u00a0\u00bb1\/2&Prime;][vc_column_text]Avec un budget global de 2,44 \u20ac milliards \u2013 et une augmentation budg\u00e9taire de 50% par rapport au programme pr\u00e9c\u00e9dent (2014-2020) \u2013 Creative Europe 2021-2027 investit dans des actions qui renforcent la diversit\u00e9 culturelle et r\u00e9pondent aux besoins et d\u00e9fis des secteurs culturels et cr\u00e9atifs.[\/vc_column_text][\/vc_column][vc_column width=\u00a0\u00bb1\/2&Prime;][vc_column_text]Le financement de Creative Europe contribue \u00e0 la relance post-Covid de ces industries et soutient leurs efforts de devenir plus digitales, plus vertes, plus r\u00e9silientes et plus inclusives. Pour la p\u00e9riode 2021-2027, Creative Europe repose sur trois volets :[\/vc_column_text][\/vc_column][\/vc_row][vc_row gap=\u00a0\u00bb35&Prime;][vc_column width=\u00a0\u00bb1\/3&Prime;][vc_custom_heading text=\u00a0\u00bbMEDIA\u00a0\u00bb font_container=\u00a0\u00bbtag:h4|text_align:left|color:%231ccaff\u00a0\u00bb use_theme_fonts=\u00a0\u00bbyes\u00a0\u00bb el_class=\u00a0\u00bbmedia\u00a0\u00bb link=\u00a0\u00bburl:https%3A%2F%2Fcreative-europe.lu%2Ffr%2Fmedia%2F|title:Media|\u00a0\u00bb][vc_column_text el_class=\u00a0\u00bbminheight-space\u00a0\u00bb]Le volet MEDIA, avec 58% du budget global du programme, est consacr\u00e9 aux industries audiovisuelles europ\u00e9ennes, dont le film, le cin\u00e9ma, la t\u00e9l\u00e9vision, les nouveaux m\u00e9dias et les jeux vid\u00e9o.[\/vc_column_text]        <div class=\"outer-button \">\r\n            <a class=\"coolBeans\" href=\"https:\/\/creative-europe.lu\/media\/\" target=\"\">\r\n\t\t\t\tEn savoir plus<\/a>\r\n        <\/div>\r\n\t\t[\/vc_column][vc_column width=\u00a0\u00bb1\/3&Prime;][vc_custom_heading text=\u00a0\u00bbCULTURE\u00a0\u00bb font_container=\u00a0\u00bbtag:h4|text_align:left|color:%2367c51d\u00a0\u00bb use_theme_fonts=\u00a0\u00bbyes\u00a0\u00bb el_class=\u00a0\u00bbculture\u00a0\u00bb link=\u00a0\u00bburl:https%3A%2F%2Fcreative-europe.lu%2Ffr%2Fculture%2F|title:Culture|\u00a0\u00bb][vc_column_text el_class=\u00a0\u00bbminheight-space\u00a0\u00bb]Le volet Culture, avec 33% du budget global, couvre tous les secteurs de la culture et de la cr\u00e9ation (\u00e0 l\u2019exception des secteurs audiovisuel et cin\u00e9matographique). Il stimule la coop\u00e9ration et le r\u00e9seautage entre les organisations culturelles et les cr\u00e9ateurs, en Europe et dans le monde.[\/vc_column_text]        <div class=\"outer-button \">\r\n            <a class=\"coolBeans\" href=\"https:\/\/creative-europe.lu\/culture\/\" target=\"\">\r\n\t\t\t\tEn savoir plus<\/a>\r\n        <\/div>\r\n\t\t[\/vc_column][vc_column width=\u00a0\u00bb1\/3&Prime;][vc_custom_heading text=\u00a0\u00bbTRANS-SECTORIEL\u00a0\u00bb font_container=\u00a0\u00bbtag:h4|text_align:left|color:%23ffaa30&Prime; use_theme_fonts=\u00a0\u00bbyes\u00a0\u00bb el_class=\u00a0\u00bbcross\u00a0\u00bb link=\u00a0\u00bburl:https%3A%2F%2Fcreative-europe.lu%2Ffr%2Ftranssectoriel%2F|title:TRANSSECTORIEL|\u00a0\u00bb][vc_column_text el_class=\u00a0\u00bbminheight-space\u00a0\u00bb]Le volet trans-sectoriel, avec 9% du budget global, facilite la collaboration entre les secteurs de la cr\u00e9ation, avec une attention particuli\u00e8re pour les outils innovants. De plus, avec le lancement du nouveau programme, c\u2019est la premi\u00e8re fois que Creative Europe soutien l\u2019industrie des m\u00e9dias d\u2019information, en ciblant l\u2019\u00e9ducation aux m\u00e9dias, un journalisme de qualit\u00e9, la libert\u00e9 et le pluralisme des m\u00e9dias.[\/vc_column_text]        <div class=\"outer-button \">\r\n            <a class=\"coolBeans\" href=\"https:\/\/creative-europe.lu\/cross-sectoral\/\" target=\"\">\r\n\t\t\t\tEn savoir plus<\/a>\r\n        <\/div>\r\n\t\t[\/vc_column][\/vc_row][vc_row gap=\u00a0\u00bb35&Prime; equal_height=\u00a0\u00bbyes\u00a0\u00bb content_placement=\u00a0\u00bbmiddle\u00a0\u00bb css=\u00a0\u00bb.vc_custom_1635955521347{padding-top: 10% !important;padding-bottom: 10% !important;}\u00a0\u00bb][vc_column width=\u00a0\u00bb1\/2&Prime;][vc_custom_heading text=\u00a0\u00bbQui en profitera ?\u00a0\u00bb font_container=\u00a0\u00bbtag:h3|text_align:left\u00a0\u00bb use_theme_fonts=\u00a0\u00bbyes\u00a0\u00bb][vc_column_text]<\/p>\n<ul>\n<li>Les institutions et organisations culturelles avec des projets internationaux ambitieux qui cherchent \u00e0 \u00e9changer, produire, distribuer et r\u00e9seauter \u00e0 \u00e9chelle internationale<\/li>\n<li>La distribution des films europ\u00e9ens dans les cin\u00e9mas et sur des plateformes en ligne \u00e0 travers l\u2019Europe<\/li>\n<li>Les artistes et professionnels des industries cr\u00e9atives \u00e0 travers toute l\u2019Europe, ainsi que leurs cr\u00e9ations<\/li>\n<li>Les producteurs de films et de jeux vid\u00e9o qui d\u00e9veloppent de nouveaux projets avec un potentiel pour la distribution internationale<\/li>\n<li>Les \u00e9diteurs europ\u00e9ens qui traduisent des \u0153uvres d\u2019auteurs europ\u00e9ens<\/li>\n<li>Les professionnels du secteur du film et de l\u2019audiovisuel \u00e0 la recherche de formations pour d\u00e9velopper leurs comp\u00e9tences et leur potentiel pour travailler \u00e0 \u00e9chelle internationale<\/li>\n<li>Les march\u00e9s et les plateformes qui favorisent la coproduction et la circulation de films et jeux vid\u00e9o europ\u00e9ens<\/li>\n<\/ul>\n<p>&nbsp;<\/p>\n<p>\u2026 et bien davantage ![\/vc_column_text][\/vc_column][vc_column width=\u00a0\u00bb1\/2&Prime;][vc_single_image image=\u00a0\u00bb183&Prime; img_size=\u00a0\u00bbfull\u00a0\u00bb style=\u00a0\u00bbvc_box_rounded\u00a0\u00bb][\/vc_column][\/vc_row][vc_row gap=\u00a0\u00bb35&Prime; css=\u00a0\u00bb.vc_custom_1635932570790{padding-top: 10% !important;padding-bottom: 10% !important;}\u00a0\u00bb][vc_column width=\u00a0\u00bb1\/2&Prime;][vc_single_image image=\u00a0\u00bb170&Prime; img_size=\u00a0\u00bbfull\u00a0\u00bb style=\u00a0\u00bbvc_box_rounded\u00a0\u00bb el_class=\u00a0\u00bbendofpage\u00a0\u00bb][\/vc_column][vc_column width=\u00a0\u00bb1\/2&Prime; css=\u00a0\u00bb.vc_custom_1635933010486{padding-top: 25% !important;}\u00a0\u00bb][vc_column_text]<\/p>\n<blockquote>\n<p>\u00ab Unis dans la diversit\u00e9, c\u2019est plus qu\u2019une devise. Notre nouveau programme Creative Europe soutiendra pleinement l\u2019inclusion, l\u2019\u00e9galit\u00e9 des genres et la durabilit\u00e9 environnementale. \u00bb<\/p>\n<\/blockquote>\n<p>[\/vc_column_text][vc_column_text css=\u00a0\u00bb.vc_custom_1702463043847{padding-left: 25px !important;}\u00a0\u00bb]Mariya GABRIEL, European Commissioner for Innovation, Research, Culture, Education and Youth (2019-2023)[\/vc_column_text][\/vc_column][\/vc_row]<\/p>\n<\/div>","protected":false},"excerpt":{"rendered":"<p>[vc_row full_width=\u00a0\u00bbstretch_row\u00a0\u00bb content_placement=\u00a0\u00bbmiddle\u00a0\u00bb parallax=\u00a0\u00bbcontent-moving-fade\u00a0\u00bb parallax_image=\u00a0\u00bb37&Prime; el_class=\u00a0\u00bboverlay-gradient\u00a0\u00bb css=\u00a0\u00bb.vc_custom_1636106821842{padding-top: 20% !important;}\u00a0\u00bb][vc_column width=\u00a0\u00bb2\/3&Prime;][vc_custom_heading text=\u00a0\u00bbAbout\u00a0\u00bb font_container=\u00a0\u00bbtag:h4|text_align:left\u00a0\u00bb google_fonts=\u00a0\u00bbfont_family:Roboto%3A100%2C100italic%2C300%2C300italic%2Cregular%2Citalic%2C500%2C500italic%2C700%2C700italic%2C900%2C900italic|font_style:100%20light%20regular%3A100%3Anormal\u00a0\u00bb][vc_column_text css=\u00a0\u00bb.vc_custom_1703063338906{margin-top: 0px !important;padding-top: 0px !important;}\u00a0\u00bb el_class=\u00a0\u00bbheader-intro-text\u00a0\u00bb] Creative Europe est le programme cadre de la Commission europ\u00e9enne pour le soutien aux secteurs culturels et cr\u00e9atifs [\/vc_column_text][\/vc_column][vc_column width=\u00a0\u00bb1\/3&Prime;][\/vc_column][\/vc_row][vc_row gap=\u00a0\u00bb35&Prime; css=\u00a0\u00bb.vc_custom_1635947930883{padding-bottom: 5% !important;}\u00a0\u00bb][vc_column width=\u00a0\u00bb1\/2&Prime;][vc_column_text]Avec un budget global de 2,44 \u20ac milliards \u2013 et une augmentation [&hellip;]<\/p>\n","protected":false},"author":1,"featured_media":0,"parent":0,"menu_order":0,"comment_status":"closed","ping_status":"closed","template":"","meta":{"_acf_changed":false,"inline_featured_image":false,"footnotes":""},"class_list":["post-1185","page","type-page","status-publish","hentry"],"acf":[],"yoast_head":"<!-- This site is optimized with the Yoast SEO plugin v27.3 - https:\/\/yoast.com\/product\/yoast-seo-wordpress\/ -->\n<title>About - Creative Europe<\/title>\n<meta name=\"robots\" content=\"index, follow, max-snippet:-1, max-image-preview:large, max-video-preview:-1\" \/>\n<link rel=\"canonical\" href=\"https:\/\/creative-europe.lu\/fr\/about\/\" \/>\n<meta property=\"og:locale\" content=\"fr_FR\" \/>\n<meta property=\"og:type\" content=\"article\" \/>\n<meta property=\"og:title\" content=\"About - Creative Europe\" \/>\n<meta property=\"og:description\" content=\"[vc_row full_width=\u00a0\u00bbstretch_row\u00a0\u00bb content_placement=\u00a0\u00bbmiddle\u00a0\u00bb parallax=\u00a0\u00bbcontent-moving-fade\u00a0\u00bb parallax_image=\u00a0\u00bb37&Prime; el_class=\u00a0\u00bboverlay-gradient\u00a0\u00bb css=\u00a0\u00bb.vc_custom_1636106821842{padding-top: 20% !important;}\u00a0\u00bb][vc_column width=\u00a0\u00bb2\/3&Prime;][vc_custom_heading text=\u00a0\u00bbAbout\u00a0\u00bb font_container=\u00a0\u00bbtag:h4|text_align:left\u00a0\u00bb google_fonts=\u00a0\u00bbfont_family:Roboto%3A100%2C100italic%2C300%2C300italic%2Cregular%2Citalic%2C500%2C500italic%2C700%2C700italic%2C900%2C900italic|font_style:100%20light%20regular%3A100%3Anormal\u00a0\u00bb][vc_column_text css=\u00a0\u00bb.vc_custom_1703063338906{margin-top: 0px !important;padding-top: 0px !important;}\u00a0\u00bb el_class=\u00a0\u00bbheader-intro-text\u00a0\u00bb] Creative Europe est le programme cadre de la Commission europ\u00e9enne pour le soutien aux secteurs culturels et cr\u00e9atifs [\/vc_column_text][\/vc_column][vc_column width=\u00a0\u00bb1\/3&Prime;][\/vc_column][\/vc_row][vc_row gap=\u00a0\u00bb35&Prime; css=\u00a0\u00bb.vc_custom_1635947930883{padding-bottom: 5% !important;}\u00a0\u00bb][vc_column width=\u00a0\u00bb1\/2&Prime;][vc_column_text]Avec un budget global de 2,44 \u20ac milliards \u2013 et une augmentation [&hellip;]\" \/>\n<meta property=\"og:url\" content=\"https:\/\/creative-europe.lu\/fr\/about\/\" \/>\n<meta property=\"og:site_name\" content=\"Creative Europe\" \/>\n<meta property=\"article:modified_time\" content=\"2023-12-20T14:19:10+00:00\" \/>\n<meta property=\"og:image\" content=\"https:\/\/creative-europe.lu\/wp-content\/uploads\/2021\/12\/ce_desklux_blue_logo.png\" \/>\n\t<meta property=\"og:image:width\" content=\"2476\" \/>\n\t<meta property=\"og:image:height\" content=\"527\" \/>\n\t<meta property=\"og:image:type\" content=\"image\/png\" \/>\n<meta name=\"twitter:card\" content=\"summary_large_image\" \/>\n<meta name=\"twitter:label1\" content=\"Dur\u00e9e de lecture estim\u00e9e\" \/>\n\t<meta name=\"twitter:data1\" content=\"4 minutes\" \/>\n<script type=\"application\/ld+json\" class=\"yoast-schema-graph\">{\"@context\":\"https:\\\/\\\/schema.org\",\"@graph\":[{\"@type\":\"WebPage\",\"@id\":\"https:\\\/\\\/creative-europe.lu\\\/fr\\\/about\\\/\",\"url\":\"https:\\\/\\\/creative-europe.lu\\\/fr\\\/about\\\/\",\"name\":\"About - Creative Europe\",\"isPartOf\":{\"@id\":\"https:\\\/\\\/creative-europe.lu\\\/fr\\\/#website\"},\"datePublished\":\"2021-12-15T23:19:34+00:00\",\"dateModified\":\"2023-12-20T14:19:10+00:00\",\"breadcrumb\":{\"@id\":\"https:\\\/\\\/creative-europe.lu\\\/fr\\\/about\\\/#breadcrumb\"},\"inLanguage\":\"fr-FR\",\"potentialAction\":[{\"@type\":\"ReadAction\",\"target\":[\"https:\\\/\\\/creative-europe.lu\\\/fr\\\/about\\\/\"]}]},{\"@type\":\"BreadcrumbList\",\"@id\":\"https:\\\/\\\/creative-europe.lu\\\/fr\\\/about\\\/#breadcrumb\",\"itemListElement\":[{\"@type\":\"ListItem\",\"position\":1,\"name\":\"Home\",\"item\":\"https:\\\/\\\/creative-europe.lu\\\/fr\\\/home\\\/\"},{\"@type\":\"ListItem\",\"position\":2,\"name\":\"About\"}]},{\"@type\":\"WebSite\",\"@id\":\"https:\\\/\\\/creative-europe.lu\\\/fr\\\/#website\",\"url\":\"https:\\\/\\\/creative-europe.lu\\\/fr\\\/\",\"name\":\"Creative Europe\",\"description\":\"\",\"publisher\":{\"@id\":\"https:\\\/\\\/creative-europe.lu\\\/fr\\\/#organization\"},\"potentialAction\":[{\"@type\":\"SearchAction\",\"target\":{\"@type\":\"EntryPoint\",\"urlTemplate\":\"https:\\\/\\\/creative-europe.lu\\\/fr\\\/?s={search_term_string}\"},\"query-input\":{\"@type\":\"PropertyValueSpecification\",\"valueRequired\":true,\"valueName\":\"search_term_string\"}}],\"inLanguage\":\"fr-FR\"},{\"@type\":\"Organization\",\"@id\":\"https:\\\/\\\/creative-europe.lu\\\/fr\\\/#organization\",\"name\":\"Creative Europe | Desk Luxembourg\",\"url\":\"https:\\\/\\\/creative-europe.lu\\\/fr\\\/\",\"logo\":{\"@type\":\"ImageObject\",\"inLanguage\":\"fr-FR\",\"@id\":\"https:\\\/\\\/creative-europe.lu\\\/fr\\\/#\\\/schema\\\/logo\\\/image\\\/\",\"url\":\"https:\\\/\\\/creative-europe.lu\\\/wp-content\\\/uploads\\\/2021\\\/12\\\/ce_desklux_blue_logo.png\",\"contentUrl\":\"https:\\\/\\\/creative-europe.lu\\\/wp-content\\\/uploads\\\/2021\\\/12\\\/ce_desklux_blue_logo.png\",\"width\":2476,\"height\":527,\"caption\":\"Creative Europe | Desk Luxembourg\"},\"image\":{\"@id\":\"https:\\\/\\\/creative-europe.lu\\\/fr\\\/#\\\/schema\\\/logo\\\/image\\\/\"}}]}<\/script>\n<!-- \/ Yoast SEO plugin. -->","yoast_head_json":{"title":"About - Creative Europe","robots":{"index":"index","follow":"follow","max-snippet":"max-snippet:-1","max-image-preview":"max-image-preview:large","max-video-preview":"max-video-preview:-1"},"canonical":"https:\/\/creative-europe.lu\/fr\/about\/","og_locale":"fr_FR","og_type":"article","og_title":"About - Creative Europe","og_description":"[vc_row full_width=\u00a0\u00bbstretch_row\u00a0\u00bb content_placement=\u00a0\u00bbmiddle\u00a0\u00bb parallax=\u00a0\u00bbcontent-moving-fade\u00a0\u00bb parallax_image=\u00a0\u00bb37&Prime; el_class=\u00a0\u00bboverlay-gradient\u00a0\u00bb css=\u00a0\u00bb.vc_custom_1636106821842{padding-top: 20% !important;}\u00a0\u00bb][vc_column width=\u00a0\u00bb2\/3&Prime;][vc_custom_heading text=\u00a0\u00bbAbout\u00a0\u00bb font_container=\u00a0\u00bbtag:h4|text_align:left\u00a0\u00bb google_fonts=\u00a0\u00bbfont_family:Roboto%3A100%2C100italic%2C300%2C300italic%2Cregular%2Citalic%2C500%2C500italic%2C700%2C700italic%2C900%2C900italic|font_style:100%20light%20regular%3A100%3Anormal\u00a0\u00bb][vc_column_text css=\u00a0\u00bb.vc_custom_1703063338906{margin-top: 0px !important;padding-top: 0px !important;}\u00a0\u00bb el_class=\u00a0\u00bbheader-intro-text\u00a0\u00bb] Creative Europe est le programme cadre de la Commission europ\u00e9enne pour le soutien aux secteurs culturels et cr\u00e9atifs [\/vc_column_text][\/vc_column][vc_column width=\u00a0\u00bb1\/3&Prime;][\/vc_column][\/vc_row][vc_row gap=\u00a0\u00bb35&Prime; css=\u00a0\u00bb.vc_custom_1635947930883{padding-bottom: 5% !important;}\u00a0\u00bb][vc_column width=\u00a0\u00bb1\/2&Prime;][vc_column_text]Avec un budget global de 2,44 \u20ac milliards \u2013 et une augmentation [&hellip;]","og_url":"https:\/\/creative-europe.lu\/fr\/about\/","og_site_name":"Creative Europe","article_modified_time":"2023-12-20T14:19:10+00:00","og_image":[{"width":2476,"height":527,"url":"https:\/\/creative-europe.lu\/wp-content\/uploads\/2021\/12\/ce_desklux_blue_logo.png","type":"image\/png"}],"twitter_card":"summary_large_image","twitter_misc":{"Dur\u00e9e de lecture estim\u00e9e":"4 minutes"},"schema":{"@context":"https:\/\/schema.org","@graph":[{"@type":"WebPage","@id":"https:\/\/creative-europe.lu\/fr\/about\/","url":"https:\/\/creative-europe.lu\/fr\/about\/","name":"About - Creative Europe","isPartOf":{"@id":"https:\/\/creative-europe.lu\/fr\/#website"},"datePublished":"2021-12-15T23:19:34+00:00","dateModified":"2023-12-20T14:19:10+00:00","breadcrumb":{"@id":"https:\/\/creative-europe.lu\/fr\/about\/#breadcrumb"},"inLanguage":"fr-FR","potentialAction":[{"@type":"ReadAction","target":["https:\/\/creative-europe.lu\/fr\/about\/"]}]},{"@type":"BreadcrumbList","@id":"https:\/\/creative-europe.lu\/fr\/about\/#breadcrumb","itemListElement":[{"@type":"ListItem","position":1,"name":"Home","item":"https:\/\/creative-europe.lu\/fr\/home\/"},{"@type":"ListItem","position":2,"name":"About"}]},{"@type":"WebSite","@id":"https:\/\/creative-europe.lu\/fr\/#website","url":"https:\/\/creative-europe.lu\/fr\/","name":"Creative Europe","description":"","publisher":{"@id":"https:\/\/creative-europe.lu\/fr\/#organization"},"potentialAction":[{"@type":"SearchAction","target":{"@type":"EntryPoint","urlTemplate":"https:\/\/creative-europe.lu\/fr\/?s={search_term_string}"},"query-input":{"@type":"PropertyValueSpecification","valueRequired":true,"valueName":"search_term_string"}}],"inLanguage":"fr-FR"},{"@type":"Organization","@id":"https:\/\/creative-europe.lu\/fr\/#organization","name":"Creative Europe | Desk Luxembourg","url":"https:\/\/creative-europe.lu\/fr\/","logo":{"@type":"ImageObject","inLanguage":"fr-FR","@id":"https:\/\/creative-europe.lu\/fr\/#\/schema\/logo\/image\/","url":"https:\/\/creative-europe.lu\/wp-content\/uploads\/2021\/12\/ce_desklux_blue_logo.png","contentUrl":"https:\/\/creative-europe.lu\/wp-content\/uploads\/2021\/12\/ce_desklux_blue_logo.png","width":2476,"height":527,"caption":"Creative Europe | Desk Luxembourg"},"image":{"@id":"https:\/\/creative-europe.lu\/fr\/#\/schema\/logo\/image\/"}}]}},"_links":{"self":[{"href":"https:\/\/creative-europe.lu\/fr\/wp-json\/wp\/v2\/pages\/1185","targetHints":{"allow":["GET"]}}],"collection":[{"href":"https:\/\/creative-europe.lu\/fr\/wp-json\/wp\/v2\/pages"}],"about":[{"href":"https:\/\/creative-europe.lu\/fr\/wp-json\/wp\/v2\/types\/page"}],"author":[{"embeddable":true,"href":"https:\/\/creative-europe.lu\/fr\/wp-json\/wp\/v2\/users\/1"}],"replies":[{"embeddable":true,"href":"https:\/\/creative-europe.lu\/fr\/wp-json\/wp\/v2\/comments?post=1185"}],"version-history":[{"count":21,"href":"https:\/\/creative-europe.lu\/fr\/wp-json\/wp\/v2\/pages\/1185\/revisions"}],"predecessor-version":[{"id":4542,"href":"https:\/\/creative-europe.lu\/fr\/wp-json\/wp\/v2\/pages\/1185\/revisions\/4542"}],"wp:attachment":[{"href":"https:\/\/creative-europe.lu\/fr\/wp-json\/wp\/v2\/media?parent=1185"}],"curies":[{"name":"wp","href":"https:\/\/api.w.org\/{rel}","templated":true}]}}