{"id":1121,"date":"2021-12-15T23:31:06","date_gmt":"2021-12-15T23:31:06","guid":{"rendered":"https:\/\/creative-europe.lu\/actualites\/"},"modified":"2022-01-26T13:23:20","modified_gmt":"2022-01-26T13:23:20","slug":"actualites","status":"publish","type":"page","link":"https:\/\/creative-europe.lu\/fr\/actualites\/","title":{"rendered":"Actualit\u00e9s et appels"},"content":{"rendered":"<div class=\"wpb-content-wrapper\"><p>[vc_row full_width=\u00a0\u00bbstretch_row\u00a0\u00bb content_placement=\u00a0\u00bbmiddle\u00a0\u00bb parallax=\u00a0\u00bbcontent-moving-fade\u00a0\u00bb parallax_image=\u00a0\u00bb38&Prime; el_class=\u00a0\u00bboverlay-gradient\u00a0\u00bb css=\u00a0\u00bb.vc_custom_1637333571104{padding-top: 20% !important;}\u00a0\u00bb][vc_column width=\u00a0\u00bb2\/3&Prime;][vc_custom_heading source=\u00a0\u00bbpost_title\u00a0\u00bb font_container=\u00a0\u00bbtag:h4|text_align:left\u00a0\u00bb google_fonts=\u00a0\u00bbfont_family:Roboto%3A100%2C100italic%2C300%2C300italic%2Cregular%2Citalic%2C500%2C500italic%2C700%2C700italic%2C900%2C900italic|font_style:100%20light%20regular%3A100%3Anormal\u00a0\u00bb][\/vc_column][vc_column width=\u00a0\u00bb1\/3&Prime; offset=\u00a0\u00bbvc_hidden-xs\u00a0\u00bb][\/vc_column][\/vc_row][vc_row content_placement=\u00a0\u00bbtop\u00a0\u00bb][vc_column el_class=\u00a0\u00bbmobile-pt-0&Prime;][vc_column_text]Restez inform\u00e9s et suivez les derni\u00e8res actualit\u00e9s sur les opportunit\u00e9s de financement, la politique culturelle europ\u00e9enne, les appels et les dates limites, les projets soutenus par Creative Europe, les r\u00e9seaux europ\u00e9ens, et bien plus encore ! Jetez un coup d\u2019\u0153il au fil automatique de nos comptes sur les r\u00e9seaux sociaux et lisez nos articles de fond ! Suivez nous sur Facebook, Twitter, LinkedIn et Youtube ! #EuropeForCulture #PushBoundaries[\/vc_column_text][\/vc_column][\/vc_row][vc_row css=\u00a0\u00bb.vc_custom_1637331346408{padding-bottom: 10% !important;}\u00a0\u00bb][vc_column]\n    <div class=\"grid-category-filter-bar-ptg filter-grid-69d5930d09e6b\">\n        <div>\n            <span class=\"cat-filter-element all cat-active\" data-catID=\"null\" onclick=\"queryWithFilter(this)\">\n                <div class=\"cat-filter-text\">tous<\/div>\n            <\/span>\n                            <span class=\"cat-filter-element\" data-cat-id=\"68\"\n                      onclick=\"queryWithFilter(this)\">\n                    <div class=\"cat-filter-text\" style=\"color: #1ccaff\">\n                        <span>MEDIA<\/span>\n                        <img src=https:\/\/creative-europe.lu\/wp-content\/uploads\/2021\/11\/media-triangle.svg>\n                    <\/div>\n                <\/span>\n                            <span class=\"cat-filter-element\" data-cat-id=\"69\"\n                      onclick=\"queryWithFilter(this)\">\n                    <div class=\"cat-filter-text\" style=\"color: #67c51d\">\n                        <span>Culture<\/span>\n                        <img src=https:\/\/creative-europe.lu\/wp-content\/uploads\/2021\/11\/culture-circ.svg>\n                    <\/div>\n                <\/span>\n                            <span class=\"cat-filter-element\" data-cat-id=\"10\"\n                      onclick=\"queryWithFilter(this)\">\n                    <div class=\"cat-filter-text\" style=\"color: #ffaa30\">\n                        <span>Trans-sectoriel<\/span>\n                        <img src=https:\/\/creative-europe.lu\/wp-content\/uploads\/2021\/11\/cross-rectangle.svg>\n                    <\/div>\n                <\/span>\n                        <span class=\"cat-filter-element reset\" onclick=\"queryWithFilter(this)\">\n                <div class=\"cat-filter-text\">r\u00e9initialiser<\/div>\n            <\/span>\n        <\/div>\n        <div class=\"toggle-wrapper\">\n            <label class=\"toggle\">\n                <span class=\"toggle-label\">ce news<\/span>\n                <input class=\"toggle-checkbox\" type=\"checkbox\" data-type=\"news\" checked\n                       onchange=\"queryWithFilter(this)\">\n                <div class=\"toggle-switch\"><\/div>\n            <\/label>\n            <label class=\"toggle\">\n                <span class=\"toggle-label\">social feeds<\/span>\n                <input class=\"toggle-checkbox\" type=\"checkbox\" data-type=\"social\" checked\n                       onchange=\"queryWithFilter(this)\">\n                <div class=\"toggle-switch\"><\/div>\n            <\/label>\n            <label class=\"toggle\">\n                <span class=\"toggle-label\">appels<\/span>\n                <input class=\"toggle-checkbox\" type=\"checkbox\" data-type=\"calls\" checked\n                       onchange=\"queryWithFilter(this)\">\n                <div class=\"toggle-switch\"><\/div>\n            <\/label>\n        <\/div>\n    <\/div>\n\n    <div class=\"loading-spinner-wrapper\">\n        <div class=\"post-type-grid-ajax-wrapper ce-news-grid ccs-ptg\" id=\"grid-69d5930d09e6b\"><\/div>\n        <div class=\"cc-loadMoreResults\"><\/div>\n    <\/div>\n\n    <script>\n        \/\/Global Variables\n        let limit = -1; \/\/Infinite Scroll Load Per Request\n        let offset = 0; \/\/Starting Offset\n        let loadingInProgress = false;\n        let newsComplete = false;\n        let qTypes = 'news,social,calls';\n        let selectedCat = undefined;\n        let uniqueId = \"grid-69d5930d09e6b\";\n        let timeout;\n\n        \/\/Global JQuery Objects\n        let $resultWrapper = jQuery('.post-type-grid-ajax-wrapper#' + uniqueId);\n        let $filterButtons = jQuery('.grid-category-filter-bar-ptg input');\n\n        function queryWithFilter(element) {\n\n            if (loadingInProgress) return;\n\n            \/\/Reset Timeout\n            clearTimeout(timeout);\n\n            \/\/ reset all filters?\n            if (jQuery(element).hasClass('reset')) {\n                element = jQuery('.cat-filter-element').first()[0];\n                jQuery('.toggle-checkbox').not(':checked').prop('checked', true);\n            }\n\n            if (jQuery(element).hasClass('cat-filter-element')) {\n                \/\/ Change Active Element\n                jQuery('.cat-filter-element').removeClass('cat-active');\n                jQuery(element).addClass('cat-active');\n                selectedCat = jQuery('.cat-filter-element.cat-active').data('cat-id')\n            }\n\n            qTypes = '';\n            jQuery('.toggle-checkbox:checked').each(function () {\n                qTypes += jQuery(this).data('type') + ',';\n            });\n\n            \/\/Wait Time until ajax Call\n            timeout = setTimeout(function () {\n                resetGridAndInfiniteScroll();\n                loadNews();\n            }, 1);\n\n        }\n\n        jQuery(document).ready(function () {\n\n            \/\/Initial Load\n            loadNews();\n\n            jQuery(window).scroll(function () {\n                if ((jQuery(window).scrollTop() + jQuery(window).height()) >= $resultWrapper.height())\n                    loadNews();\n            });\n\n        });\n\n        function resetGridAndInfiniteScroll() {\n            offset = 0;\n            newsComplete = false;\n            $resultWrapper.html('');\n        }\n\n        function loadNews() {\n\n            if (newsComplete) return;\n\n            \/\/Disable all Filter Buttons while Loading\n            $filterButtons.prop('disabled', true);\n\n            if (!loadingInProgress) {\n\n                loadingInProgress = true;\n\n                cc_debug([{\n                    'msg': '[sc-news.php:110 queryWithFilter]',\n                    'inspect': {'uniqueId': uniqueId, 'catID': selectedCat, 'qTypes': qTypes, 'offset': offset}\n                }, 'Post_Type_Grid queryWithFilter']);\n\n                \/\/Load News\n                let promise = performNewsRequest(uniqueId, limit, offset, qTypes, selectedCat);\n\n                promise.success(function (data) {\n                    if (!data || offset + limit >= data.additionalData.total) {\n                        newsComplete = true;\n                    } else {\n                        offset += limit;\n                    }\n\n                    loadingInProgress = false;\n                    $filterButtons.prop('disabled', false);\n                });\n            }\n        }\n    <\/script>\n    [\/vc_column][\/vc_row]<\/p>\n<\/div>","protected":false},"excerpt":{"rendered":"<p>[vc_row full_width=\u00a0\u00bbstretch_row\u00a0\u00bb content_placement=\u00a0\u00bbmiddle\u00a0\u00bb parallax=\u00a0\u00bbcontent-moving-fade\u00a0\u00bb parallax_image=\u00a0\u00bb38&Prime; el_class=\u00a0\u00bboverlay-gradient\u00a0\u00bb css=\u00a0\u00bb.vc_custom_1637333571104{padding-top: 20% !important;}\u00a0\u00bb][vc_column width=\u00a0\u00bb2\/3&Prime;][vc_custom_heading source=\u00a0\u00bbpost_title\u00a0\u00bb font_container=\u00a0\u00bbtag:h4|text_align:left\u00a0\u00bb google_fonts=\u00a0\u00bbfont_family:Roboto%3A100%2C100italic%2C300%2C300italic%2Cregular%2Citalic%2C500%2C500italic%2C700%2C700italic%2C900%2C900italic|font_style:100%20light%20regular%3A100%3Anormal\u00a0\u00bb][\/vc_column][vc_column width=\u00a0\u00bb1\/3&Prime; offset=\u00a0\u00bbvc_hidden-xs\u00a0\u00bb][\/vc_column][\/vc_row][vc_row content_placement=\u00a0\u00bbtop\u00a0\u00bb][vc_column el_class=\u00a0\u00bbmobile-pt-0&Prime;][vc_column_text]Restez inform\u00e9s et suivez les derni\u00e8res actualit\u00e9s sur les opportunit\u00e9s de financement, la politique culturelle europ\u00e9enne, les appels et les dates limites, les projets soutenus par Creative Europe, les r\u00e9seaux europ\u00e9ens, et bien plus encore ! Jetez un coup [&hellip;]<\/p>\n","protected":false},"author":1,"featured_media":0,"parent":0,"menu_order":0,"comment_status":"closed","ping_status":"closed","template":"","meta":{"_acf_changed":false,"inline_featured_image":false,"footnotes":""},"class_list":["post-1121","page","type-page","status-publish","hentry"],"acf":[],"yoast_head":"<!-- This site is optimized with the Yoast SEO plugin v27.3 - https:\/\/yoast.com\/product\/yoast-seo-wordpress\/ -->\n<title>Actualit\u00e9s et appels - Creative Europe<\/title>\n<meta name=\"robots\" content=\"index, follow, max-snippet:-1, max-image-preview:large, max-video-preview:-1\" \/>\n<link rel=\"canonical\" href=\"https:\/\/creative-europe.lu\/fr\/actualites\/\" \/>\n<meta property=\"og:locale\" content=\"fr_FR\" \/>\n<meta property=\"og:type\" content=\"article\" \/>\n<meta property=\"og:title\" content=\"Actualit\u00e9s et appels - Creative Europe\" \/>\n<meta property=\"og:description\" content=\"[vc_row full_width=\u00a0\u00bbstretch_row\u00a0\u00bb content_placement=\u00a0\u00bbmiddle\u00a0\u00bb parallax=\u00a0\u00bbcontent-moving-fade\u00a0\u00bb parallax_image=\u00a0\u00bb38&Prime; el_class=\u00a0\u00bboverlay-gradient\u00a0\u00bb css=\u00a0\u00bb.vc_custom_1637333571104{padding-top: 20% !important;}\u00a0\u00bb][vc_column width=\u00a0\u00bb2\/3&Prime;][vc_custom_heading source=\u00a0\u00bbpost_title\u00a0\u00bb font_container=\u00a0\u00bbtag:h4|text_align:left\u00a0\u00bb google_fonts=\u00a0\u00bbfont_family:Roboto%3A100%2C100italic%2C300%2C300italic%2Cregular%2Citalic%2C500%2C500italic%2C700%2C700italic%2C900%2C900italic|font_style:100%20light%20regular%3A100%3Anormal\u00a0\u00bb][\/vc_column][vc_column width=\u00a0\u00bb1\/3&Prime; offset=\u00a0\u00bbvc_hidden-xs\u00a0\u00bb][\/vc_column][\/vc_row][vc_row content_placement=\u00a0\u00bbtop\u00a0\u00bb][vc_column el_class=\u00a0\u00bbmobile-pt-0&Prime;][vc_column_text]Restez inform\u00e9s et suivez les derni\u00e8res actualit\u00e9s sur les opportunit\u00e9s de financement, la politique culturelle europ\u00e9enne, les appels et les dates limites, les projets soutenus par Creative Europe, les r\u00e9seaux europ\u00e9ens, et bien plus encore ! Jetez un coup [&hellip;]\" \/>\n<meta property=\"og:url\" content=\"https:\/\/creative-europe.lu\/fr\/actualites\/\" \/>\n<meta property=\"og:site_name\" content=\"Creative Europe\" \/>\n<meta property=\"article:modified_time\" content=\"2022-01-26T13:23:20+00:00\" \/>\n<meta property=\"og:image\" content=\"https:\/\/creative-europe.lu\/wp-content\/uploads\/2021\/12\/ce_desklux_blue_logo.png\" \/>\n\t<meta property=\"og:image:width\" content=\"2476\" \/>\n\t<meta property=\"og:image:height\" content=\"527\" \/>\n\t<meta property=\"og:image:type\" content=\"image\/png\" \/>\n<meta name=\"twitter:card\" content=\"summary_large_image\" \/>\n<meta name=\"twitter:label1\" content=\"Dur\u00e9e de lecture estim\u00e9e\" \/>\n\t<meta name=\"twitter:data1\" content=\"1 minute\" \/>\n<script type=\"application\/ld+json\" class=\"yoast-schema-graph\">{\"@context\":\"https:\\\/\\\/schema.org\",\"@graph\":[{\"@type\":\"WebPage\",\"@id\":\"https:\\\/\\\/creative-europe.lu\\\/fr\\\/actualites\\\/\",\"url\":\"https:\\\/\\\/creative-europe.lu\\\/fr\\\/actualites\\\/\",\"name\":\"Actualit\u00e9s et appels - Creative Europe\",\"isPartOf\":{\"@id\":\"https:\\\/\\\/creative-europe.lu\\\/fr\\\/#website\"},\"datePublished\":\"2021-12-15T23:31:06+00:00\",\"dateModified\":\"2022-01-26T13:23:20+00:00\",\"breadcrumb\":{\"@id\":\"https:\\\/\\\/creative-europe.lu\\\/fr\\\/actualites\\\/#breadcrumb\"},\"inLanguage\":\"fr-FR\",\"potentialAction\":[{\"@type\":\"ReadAction\",\"target\":[\"https:\\\/\\\/creative-europe.lu\\\/fr\\\/actualites\\\/\"]}]},{\"@type\":\"BreadcrumbList\",\"@id\":\"https:\\\/\\\/creative-europe.lu\\\/fr\\\/actualites\\\/#breadcrumb\",\"itemListElement\":[{\"@type\":\"ListItem\",\"position\":1,\"name\":\"Home\",\"item\":\"https:\\\/\\\/creative-europe.lu\\\/fr\\\/home\\\/\"},{\"@type\":\"ListItem\",\"position\":2,\"name\":\"Actualit\u00e9s et appels\"}]},{\"@type\":\"WebSite\",\"@id\":\"https:\\\/\\\/creative-europe.lu\\\/fr\\\/#website\",\"url\":\"https:\\\/\\\/creative-europe.lu\\\/fr\\\/\",\"name\":\"Creative Europe\",\"description\":\"\",\"publisher\":{\"@id\":\"https:\\\/\\\/creative-europe.lu\\\/fr\\\/#organization\"},\"potentialAction\":[{\"@type\":\"SearchAction\",\"target\":{\"@type\":\"EntryPoint\",\"urlTemplate\":\"https:\\\/\\\/creative-europe.lu\\\/fr\\\/?s={search_term_string}\"},\"query-input\":{\"@type\":\"PropertyValueSpecification\",\"valueRequired\":true,\"valueName\":\"search_term_string\"}}],\"inLanguage\":\"fr-FR\"},{\"@type\":\"Organization\",\"@id\":\"https:\\\/\\\/creative-europe.lu\\\/fr\\\/#organization\",\"name\":\"Creative Europe | Desk Luxembourg\",\"url\":\"https:\\\/\\\/creative-europe.lu\\\/fr\\\/\",\"logo\":{\"@type\":\"ImageObject\",\"inLanguage\":\"fr-FR\",\"@id\":\"https:\\\/\\\/creative-europe.lu\\\/fr\\\/#\\\/schema\\\/logo\\\/image\\\/\",\"url\":\"https:\\\/\\\/creative-europe.lu\\\/wp-content\\\/uploads\\\/2021\\\/12\\\/ce_desklux_blue_logo.png\",\"contentUrl\":\"https:\\\/\\\/creative-europe.lu\\\/wp-content\\\/uploads\\\/2021\\\/12\\\/ce_desklux_blue_logo.png\",\"width\":2476,\"height\":527,\"caption\":\"Creative Europe | Desk Luxembourg\"},\"image\":{\"@id\":\"https:\\\/\\\/creative-europe.lu\\\/fr\\\/#\\\/schema\\\/logo\\\/image\\\/\"}}]}<\/script>\n<!-- \/ Yoast SEO plugin. -->","yoast_head_json":{"title":"Actualit\u00e9s et appels - Creative Europe","robots":{"index":"index","follow":"follow","max-snippet":"max-snippet:-1","max-image-preview":"max-image-preview:large","max-video-preview":"max-video-preview:-1"},"canonical":"https:\/\/creative-europe.lu\/fr\/actualites\/","og_locale":"fr_FR","og_type":"article","og_title":"Actualit\u00e9s et appels - Creative Europe","og_description":"[vc_row full_width=\u00a0\u00bbstretch_row\u00a0\u00bb content_placement=\u00a0\u00bbmiddle\u00a0\u00bb parallax=\u00a0\u00bbcontent-moving-fade\u00a0\u00bb parallax_image=\u00a0\u00bb38&Prime; el_class=\u00a0\u00bboverlay-gradient\u00a0\u00bb css=\u00a0\u00bb.vc_custom_1637333571104{padding-top: 20% !important;}\u00a0\u00bb][vc_column width=\u00a0\u00bb2\/3&Prime;][vc_custom_heading source=\u00a0\u00bbpost_title\u00a0\u00bb font_container=\u00a0\u00bbtag:h4|text_align:left\u00a0\u00bb google_fonts=\u00a0\u00bbfont_family:Roboto%3A100%2C100italic%2C300%2C300italic%2Cregular%2Citalic%2C500%2C500italic%2C700%2C700italic%2C900%2C900italic|font_style:100%20light%20regular%3A100%3Anormal\u00a0\u00bb][\/vc_column][vc_column width=\u00a0\u00bb1\/3&Prime; offset=\u00a0\u00bbvc_hidden-xs\u00a0\u00bb][\/vc_column][\/vc_row][vc_row content_placement=\u00a0\u00bbtop\u00a0\u00bb][vc_column el_class=\u00a0\u00bbmobile-pt-0&Prime;][vc_column_text]Restez inform\u00e9s et suivez les derni\u00e8res actualit\u00e9s sur les opportunit\u00e9s de financement, la politique culturelle europ\u00e9enne, les appels et les dates limites, les projets soutenus par Creative Europe, les r\u00e9seaux europ\u00e9ens, et bien plus encore ! Jetez un coup [&hellip;]","og_url":"https:\/\/creative-europe.lu\/fr\/actualites\/","og_site_name":"Creative Europe","article_modified_time":"2022-01-26T13:23:20+00:00","og_image":[{"width":2476,"height":527,"url":"https:\/\/creative-europe.lu\/wp-content\/uploads\/2021\/12\/ce_desklux_blue_logo.png","type":"image\/png"}],"twitter_card":"summary_large_image","twitter_misc":{"Dur\u00e9e de lecture estim\u00e9e":"1 minute"},"schema":{"@context":"https:\/\/schema.org","@graph":[{"@type":"WebPage","@id":"https:\/\/creative-europe.lu\/fr\/actualites\/","url":"https:\/\/creative-europe.lu\/fr\/actualites\/","name":"Actualit\u00e9s et appels - Creative Europe","isPartOf":{"@id":"https:\/\/creative-europe.lu\/fr\/#website"},"datePublished":"2021-12-15T23:31:06+00:00","dateModified":"2022-01-26T13:23:20+00:00","breadcrumb":{"@id":"https:\/\/creative-europe.lu\/fr\/actualites\/#breadcrumb"},"inLanguage":"fr-FR","potentialAction":[{"@type":"ReadAction","target":["https:\/\/creative-europe.lu\/fr\/actualites\/"]}]},{"@type":"BreadcrumbList","@id":"https:\/\/creative-europe.lu\/fr\/actualites\/#breadcrumb","itemListElement":[{"@type":"ListItem","position":1,"name":"Home","item":"https:\/\/creative-europe.lu\/fr\/home\/"},{"@type":"ListItem","position":2,"name":"Actualit\u00e9s et appels"}]},{"@type":"WebSite","@id":"https:\/\/creative-europe.lu\/fr\/#website","url":"https:\/\/creative-europe.lu\/fr\/","name":"Creative Europe","description":"","publisher":{"@id":"https:\/\/creative-europe.lu\/fr\/#organization"},"potentialAction":[{"@type":"SearchAction","target":{"@type":"EntryPoint","urlTemplate":"https:\/\/creative-europe.lu\/fr\/?s={search_term_string}"},"query-input":{"@type":"PropertyValueSpecification","valueRequired":true,"valueName":"search_term_string"}}],"inLanguage":"fr-FR"},{"@type":"Organization","@id":"https:\/\/creative-europe.lu\/fr\/#organization","name":"Creative Europe | Desk Luxembourg","url":"https:\/\/creative-europe.lu\/fr\/","logo":{"@type":"ImageObject","inLanguage":"fr-FR","@id":"https:\/\/creative-europe.lu\/fr\/#\/schema\/logo\/image\/","url":"https:\/\/creative-europe.lu\/wp-content\/uploads\/2021\/12\/ce_desklux_blue_logo.png","contentUrl":"https:\/\/creative-europe.lu\/wp-content\/uploads\/2021\/12\/ce_desklux_blue_logo.png","width":2476,"height":527,"caption":"Creative Europe | Desk Luxembourg"},"image":{"@id":"https:\/\/creative-europe.lu\/fr\/#\/schema\/logo\/image\/"}}]}},"_links":{"self":[{"href":"https:\/\/creative-europe.lu\/fr\/wp-json\/wp\/v2\/pages\/1121","targetHints":{"allow":["GET"]}}],"collection":[{"href":"https:\/\/creative-europe.lu\/fr\/wp-json\/wp\/v2\/pages"}],"about":[{"href":"https:\/\/creative-europe.lu\/fr\/wp-json\/wp\/v2\/types\/page"}],"author":[{"embeddable":true,"href":"https:\/\/creative-europe.lu\/fr\/wp-json\/wp\/v2\/users\/1"}],"replies":[{"embeddable":true,"href":"https:\/\/creative-europe.lu\/fr\/wp-json\/wp\/v2\/comments?post=1121"}],"version-history":[{"count":9,"href":"https:\/\/creative-europe.lu\/fr\/wp-json\/wp\/v2\/pages\/1121\/revisions"}],"predecessor-version":[{"id":1531,"href":"https:\/\/creative-europe.lu\/fr\/wp-json\/wp\/v2\/pages\/1121\/revisions\/1531"}],"wp:attachment":[{"href":"https:\/\/creative-europe.lu\/fr\/wp-json\/wp\/v2\/media?parent=1121"}],"curies":[{"name":"wp","href":"https:\/\/api.w.org\/{rel}","templated":true}]}}